{"id":471,"date":"2025-10-01T20:39:43","date_gmt":"2025-10-01T18:39:43","guid":{"rendered":"https:\/\/new.kovac-metal.com\/?page_id=471"},"modified":"2025-10-02T10:46:56","modified_gmt":"2025-10-02T08:46:56","slug":"privatnost","status":"publish","type":"page","link":"https:\/\/new.kovac-metal.com\/en\/privatnost\/","title":{"rendered":"privacy\u00a0"},"content":{"rendered":"<p>[et_pb_section fb_built=&#8221;1&#8243; admin_label=&#8221;Hero Section&#8221; _builder_version=&#8221;4.16&#8243; custom_padding=&#8221;0|0px|0px|0px&#8221; global_colors_info=&#8221;{}&#8221; theme_builder_area=&#8221;post_content&#8221;][et_pb_row column_structure=&#8221;1_2,1_2&#8243; use_custom_gutter=&#8221;on&#8221; make_equal=&#8221;on&#8221; _builder_version=&#8221;4.27.4&#8243; width=&#8221;100%&#8221; max_width=&#8221;100%&#8221; custom_margin=&#8221;|auto|91px|auto||&#8221; custom_padding=&#8221;0px|0|0px|&#8221; use_custom_width=&#8221;on&#8221; width_unit=&#8221;off&#8221; custom_width_percent=&#8221;100%&#8221; global_colors_info=&#8221;{}&#8221; theme_builder_area=&#8221;post_content&#8221;][et_pb_column type=&#8221;1_2&#8243; _builder_version=&#8221;4.16&#8243; custom_padding=&#8221;200px|4%|200px|8%&#8221; custom_padding_tablet=&#8221;60px|10%|60px|10%&#8221; custom_padding_phone=&#8221;&#8221; custom_padding_last_edited=&#8221;on|tablet&#8221; global_colors_info=&#8221;{}&#8221; padding_tablet=&#8221;60px|10%|60px|10%&#8221; padding_last_edited=&#8221;on|tablet&#8221; custom_padding__hover=&#8221;|||&#8221; padding_phone=&#8221;60px|10%|60px|10%&#8221; theme_builder_area=&#8221;post_content&#8221;][et_pb_text _builder_version=&#8221;4.27.4&#8243; text_font=&#8221;Karla||||||||&#8221; text_font_size=&#8221;18px&#8221; text_line_height=&#8221;1.8em&#8221; header_font=&#8221;Cormorant Garamond||||||||&#8221; header_font_size=&#8221;56px&#8221; header_line_height=&#8221;1.4em&#8221; header_2_font=&#8221;||||||||&#8221; header_3_font=&#8221;||||||||&#8221; max_width=&#8221;600px&#8221; header_font_size_tablet=&#8221;40px&#8221; header_font_size_phone=&#8221;&#8221; header_font_size_last_edited=&#8221;on|tablet&#8221; locked=&#8221;off&#8221; global_colors_info=&#8221;{}&#8221; theme_builder_area=&#8221;post_content&#8221; custom_padding=&#8221;|||0px||&#8221;]<\/p>\n<h2 data-start=\"59\" data-end=\"90\"><strong data-start=\"65\" data-end=\"88\">PRAVILA PRIVATNOSTI<\/strong><\/h2>\n<p data-start=\"91\" data-end=\"156\">za web stranicu <strong data-start=\"134\" data-end=\"156\">Kova\u010d - Metal Ltd.<\/strong><\/p>\n<p>&nbsp;<\/p>\n<h3 data-start=\"163\" data-end=\"186\">1. Op\u0107e informacije<\/h3>\n<p data-start=\"188\" data-end=\"453\">Ova Pravila privatnosti definiraju kako <strong data-start=\"228\" data-end=\"250\">Kova\u010d - Metal Ltd.<\/strong>, sa sjedi\u0161tem na adresi [unesi adresu], OIB: [unesi OIB], prikuplja, koristi, obra\u0111uje i \u0161titi osobne podatke korisnika u skladu s <strong data-start=\"382\" data-end=\"407\">Uredbom (EU) 2016\/679<\/strong> (GDPR) i va\u017ee\u0107im zakonima Republike Hrvatske.<\/p>\n<p data-start=\"455\" data-end=\"552\">Kori\u0161tenjem na\u0161e web stranice <strong data-start=\"485\" data-end=\"507\"><a data-start=\"487\" data-end=\"505\" rel=\"noopener\" target=\"_new\" class=\"decorated-link cursor-pointer\">www.kovac-metal.hr<span aria-hidden=\"true\" class=\"ms-0.5 inline-block align-middle leading-none\"><svg width=\"20\" height=\"20\" viewbox=\"0 0 20 20\" fill=\"currentColor\" xmlns=\"http:\/\/www.w3.org\/2000\/svg\" data-rtl-flip=\"\" class=\"block h-[0.75em] w-[0.75em] stroke-current stroke-[0.75]\"><path d=\"M14.3349 13.3301V6.60645L5.47065 15.4707C5.21095 15.7304 4.78895 15.7304 4.52925 15.4707C4.26955 15.211 4.26955 14.789 4.52925 14.5293L13.3935 5.66504H6.66011C6.29284 5.66504 5.99507 5.36727 5.99507 5C5.99507 4.63273 6.29284 4.33496 6.66011 4.33496H14.9999L15.1337 4.34863C15.4369 4.41057 15.665 4.67857 15.665 5V13.3301C15.6649 13.6973 15.3672 13.9951 14.9999 13.9951C14.6327 13.9951 14.335 13.6973 14.3349 13.3301Z\"><\/path><\/svg><\/span><\/a><\/strong>, prihva\u0107ate uvjete ove Politike privatnosti.<\/p>\n<hr data-start=\"554\" data-end=\"557\" \/>\n<h3 data-start=\"559\" data-end=\"597\">2. Vrste podataka koje prikupljamo<\/h3>\n<p data-start=\"599\" data-end=\"686\">Prikupljamo samo osnovne osobne podatke koje korisnici dobrovoljno dostave, kao \u0161to su:<\/p>\n<ul data-start=\"688\" data-end=\"858\">\n<li data-start=\"688\" data-end=\"705\">\n<p data-start=\"690\" data-end=\"705\">Ime i prezime<\/p>\n<\/li>\n<li data-start=\"706\" data-end=\"723\">\n<p data-start=\"708\" data-end=\"723\">E-mail adresa<\/p>\n<\/li>\n<li data-start=\"724\" data-end=\"743\">\n<p data-start=\"726\" data-end=\"743\">Telefonski broj<\/p>\n<\/li>\n<li data-start=\"744\" data-end=\"793\">\n<p data-start=\"746\" data-end=\"793\">Adresa (ako je navedena u upitu ili narud\u017ebi)<\/p>\n<\/li>\n<li data-start=\"794\" data-end=\"858\">\n<p data-start=\"796\" data-end=\"858\">IP adresa i kola\u010di\u0107i (cookies) \u2013 automatski putem web stranice<\/p>\n<\/li>\n<\/ul>\n<hr data-start=\"860\" data-end=\"863\" \/>\n<h3 data-start=\"865\" data-end=\"899\">3. Svrha prikupljanja podataka<\/h3>\n<p data-start=\"901\" data-end=\"945\">Osobni podaci koriste se isklju\u010divo u svrhu:<\/p>\n<ul data-start=\"947\" data-end=\"1136\">\n<li data-start=\"947\" data-end=\"1010\">\n<p data-start=\"949\" data-end=\"1010\">Odgovora na upite korisnika putem kontakt forme ili e-maila<\/p>\n<\/li>\n<li data-start=\"1011\" data-end=\"1050\">\n<p data-start=\"1013\" data-end=\"1050\">Izrade ponuda, predra\u010duna i ugovora<\/p>\n<\/li>\n<li data-start=\"1051\" data-end=\"1084\">\n<p data-start=\"1053\" data-end=\"1084\">Ispunjavanja zakonskih obveza<\/p>\n<\/li>\n<li data-start=\"1085\" data-end=\"1136\">\n<p data-start=\"1087\" data-end=\"1136\">Unaprje\u0111enja korisni\u010dkog iskustva na web stranici<\/p>\n<\/li>\n<\/ul>\n<hr data-start=\"1138\" data-end=\"1141\" \/>\n<h3 data-start=\"1143\" data-end=\"1173\">4. Pravna osnova za obradu<\/h3>\n<p data-start=\"1175\" data-end=\"1203\">Podatke obra\u0111ujemo temeljem:<\/p>\n<ul data-start=\"1205\" data-end=\"1379\">\n<li data-start=\"1205\" data-end=\"1258\">\n<p data-start=\"1207\" data-end=\"1258\">Va\u0161eg izri\u010ditog pristanka (kontakt forma, e-mail)<\/p>\n<\/li>\n<li data-start=\"1259\" data-end=\"1292\">\n<p data-start=\"1261\" data-end=\"1292\">Ispunjavanja ugovornih obveza<\/p>\n<\/li>\n<li data-start=\"1293\" data-end=\"1334\">\n<p data-start=\"1295\" data-end=\"1334\">Zakonske obveze (npr. \u010duvanje ra\u010duna)<\/p>\n<\/li>\n<li data-start=\"1335\" data-end=\"1379\">\n<p data-start=\"1337\" data-end=\"1379\">Legitimnog interesa (npr. odgovor na upit)<\/p>\n<\/li>\n<\/ul>\n<hr data-start=\"1381\" data-end=\"1384\" \/>\n<h3 data-start=\"1386\" data-end=\"1411\">5. Kola\u010di\u0107i (Cookies)<\/h3>\n<p data-start=\"1413\" data-end=\"1555\">Na\u0161a stranica koristi kola\u010di\u0107e za osnovno funkcioniranje i analitiku (Google Analytics). Kori\u0161tenjem stranice pristajete na upotrebu kola\u010di\u0107a.<\/p>\n<p data-start=\"1557\" data-end=\"1618\">Vi\u0161e o kola\u010di\u0107ima mo\u017eete saznati u na\u0161oj [Politici kola\u010di\u0107a].<\/p>\n<hr data-start=\"1620\" data-end=\"1623\" \/>\n<h3 data-start=\"1625\" data-end=\"1665\">6. Prijenos podataka tre\u0107im stranama<\/h3>\n<p data-start=\"1667\" data-end=\"1722\">Osobne podatke <strong data-start=\"1682\" data-end=\"1715\">ne dijelimo s tre\u0107im stranama<\/strong>, osim:<\/p>\n<ul data-start=\"1724\" data-end=\"1857\">\n<li data-start=\"1724\" data-end=\"1787\">\n<p data-start=\"1726\" data-end=\"1787\">Kada je to nu\u017eno za izvr\u0161enje usluge (npr. dostavna slu\u017eba)<\/p>\n<\/li>\n<li data-start=\"1788\" data-end=\"1815\">\n<p data-start=\"1790\" data-end=\"1815\">Kada to zahtijeva zakon<\/p>\n<\/li>\n<li data-start=\"1816\" data-end=\"1857\">\n<p data-start=\"1818\" data-end=\"1857\">Kada je korisnik izri\u010dito pristao na to<\/p>\n<\/li>\n<\/ul>\n<p data-start=\"1859\" data-end=\"1958\">Svi na\u0161i partneri (npr. knjigovodstvo, hosting) ugovorno su obvezani \u010duvati povjerljivost podataka.<\/p>\n<hr data-start=\"1960\" data-end=\"1963\" \/>\n<h3 data-start=\"1965\" data-end=\"1988\">7. Za\u0161tita podataka<\/h3>\n<p data-start=\"1990\" data-end=\"2160\">Va\u0161e podatke \u0161titimo tehni\u010dkim i organizacijskim mjerama kako bismo sprije\u010dili neovla\u0161teni pristup, gubitak ili zloupotrebu. Podaci se pohranjuju na za\u0161ti\u0107enim serverima.<\/p>\n<hr data-start=\"2162\" data-end=\"2165\" \/>\n<h3 data-start=\"2167\" data-end=\"2184\">8. Va\u0161a prava<\/h3>\n<p data-start=\"2186\" data-end=\"2217\">U skladu s GDPR-om imate pravo:<\/p>\n<ul data-start=\"2219\" data-end=\"2418\">\n<li data-start=\"2219\" data-end=\"2256\">\n<p data-start=\"2221\" data-end=\"2256\">Zatra\u017eiti pristup svojim podacima<\/p>\n<\/li>\n<li data-start=\"2257\" data-end=\"2286\">\n<p data-start=\"2259\" data-end=\"2286\">Ispraviti neto\u010dne podatke<\/p>\n<\/li>\n<li data-start=\"2287\" data-end=\"2324\">\n<p data-start=\"2289\" data-end=\"2324\">Ograni\u010diti ili prigovoriti obradi<\/p>\n<\/li>\n<li data-start=\"2325\" data-end=\"2373\">\n<p data-start=\"2327\" data-end=\"2373\">Tra\u017eiti brisanje podataka (pravo na zaborav)<\/p>\n<\/li>\n<li data-start=\"2374\" data-end=\"2418\">\n<p data-start=\"2376\" data-end=\"2418\">Podnijeti pritu\u017ebu nadzornom tijelu (AZOP)<\/p>\n<\/li>\n<\/ul>\n<p data-start=\"2420\" data-end=\"2501\">Za ostvarenje svojih prava kontaktirajte nas putem e-maila: [<a class=\"decorated-link cursor-pointer\" rel=\"noopener\">info@kovac-metal.hr<span aria-hidden=\"true\" class=\"ms-0.5 inline-block align-middle leading-none\"><svg width=\"20\" height=\"20\" viewbox=\"0 0 20 20\" fill=\"currentColor\" xmlns=\"http:\/\/www.w3.org\/2000\/svg\" data-rtl-flip=\"\" class=\"block h-[0.75em] w-[0.75em] stroke-current stroke-[0.75]\"><path d=\"M14.3349 13.3301V6.60645L5.47065 15.4707C5.21095 15.7304 4.78895 15.7304 4.52925 15.4707C4.26955 15.211 4.26955 14.789 4.52925 14.5293L13.3935 5.66504H6.66011C6.29284 5.66504 5.99507 5.36727 5.99507 5C5.99507 4.63273 6.29284 4.33496 6.66011 4.33496H14.9999L15.1337 4.34863C15.4369 4.41057 15.665 4.67857 15.665 5V13.3301C15.6649 13.6973 15.3672 13.9951 14.9999 13.9951C14.6327 13.9951 14.335 13.6973 14.3349 13.3301Z\"><\/path><\/svg><\/span><\/a>]<\/p>\n<hr data-start=\"2503\" data-end=\"2506\" \/>\n<h3 data-start=\"2508\" data-end=\"2531\">9. \u010cuvanje podataka<\/h3>\n<p data-start=\"2533\" data-end=\"2713\">Podatke \u010duvamo samo onoliko dugo koliko je potrebno za ispunjenje svrhe zbog koje su prikupljeni, odnosno sukladno zakonskim rokovima (npr. 11 godina za knjigovodstvene dokumente).<\/p>\n<hr data-start=\"2715\" data-end=\"2718\" \/>\n<h3 data-start=\"2720\" data-end=\"2756\">10. Izmjene politike privatnosti<\/h3>\n<p data-start=\"2758\" data-end=\"2904\">Zadr\u017eavamo pravo izmjene ove Politike privatnosti. Sve promjene bit \u0107e objavljene na ovoj stranici. Preporu\u010dujemo redovito provjeravanje sadr\u017eaja.<\/p>\n<hr data-start=\"2906\" data-end=\"2909\" \/>\n<h3 data-start=\"2911\" data-end=\"2926\">11. Kontakt<\/h3>\n<p data-start=\"2928\" data-end=\"3002\">Ako imate pitanja u vezi obrade va\u0161ih osobnih podataka, kontaktirajte nas:<\/p>\n<p data-start=\"3004\" data-end=\"3073\"><strong data-start=\"3004\" data-end=\"3026\">Kova\u010d - Metal Ltd.<\/strong><br data-start=\"3026\" data-end=\"3029\" \/>[Adresa]<br data-start=\"3037\" data-end=\"3040\" \/>[Telefon]<br data-start=\"3049\" data-end=\"3052\" \/>[<a class=\"decorated-link cursor-pointer\" rel=\"noopener\">info@kovac-metal.hr<span aria-hidden=\"true\" class=\"ms-0.5 inline-block align-middle leading-none\"><svg width=\"20\" height=\"20\" viewbox=\"0 0 20 20\" fill=\"currentColor\" xmlns=\"http:\/\/www.w3.org\/2000\/svg\" data-rtl-flip=\"\" class=\"block h-[0.75em] w-[0.75em] stroke-current stroke-[0.75]\"><path d=\"M14.3349 13.3301V6.60645L5.47065 15.4707C5.21095 15.7304 4.78895 15.7304 4.52925 15.4707C4.26955 15.211 4.26955 14.789 4.52925 14.5293L13.3935 5.66504H6.66011C6.29284 5.66504 5.99507 5.36727 5.99507 5C5.99507 4.63273 6.29284 4.33496 6.66011 4.33496H14.9999L15.1337 4.34863C15.4369 4.41057 15.665 4.67857 15.665 5V13.3301C15.6649 13.6973 15.3672 13.9951 14.9999 13.9951C14.6327 13.9951 14.335 13.6973 14.3349 13.3301Z\"><\/path><\/svg><\/span><\/a>]<\/p>\n<p>[\/et_pb_text][\/et_pb_column][et_pb_column type=&#8221;1_2&#8243; _builder_version=&#8221;4.27.4&#8243; background_color=&#8221;#121212&#8243; use_background_color_gradient=&#8221;on&#8221; background_color_gradient_stops=&#8221;rgba(18,18,18,0.5) 0%|#121212 100%&#8221; background_color_gradient_overlays_image=&#8221;on&#8221; background_color_gradient_start=&#8221;rgba(18,18,18,0.5)&#8221; background_color_gradient_end=&#8221;#121212&#8243; background_image=&#8221;https:\/\/new.kovac-metal.com\/wp-content\/uploads\/2025\/10\/laptop-5428881_1920.jpg&#8221; custom_padding=&#8221;100px||100px|&#8221; custom_padding_tablet=&#8221;60px||60px|&#8221; custom_padding_phone=&#8221;&#8221; custom_padding_last_edited=&#8221;on|desktop&#8221; global_colors_info=&#8221;{}&#8221; padding_tablet=&#8221;60px||60px|&#8221; padding_last_edited=&#8221;on|desktop&#8221; custom_padding__hover=&#8221;|||&#8221; padding_phone=&#8221;60px||60px|&#8221; theme_builder_area=&#8221;post_content&#8221;][et_pb_divider show_divider=&#8221;off&#8221; _builder_version=&#8221;4.16&#8243; height=&#8221;100px&#8221; global_colors_info=&#8221;{}&#8221; theme_builder_area=&#8221;post_content&#8221;][\/et_pb_divider][\/et_pb_column][\/et_pb_row][\/et_pb_section][et_pb_section fb_built=&#8221;1&#8243; admin_label=&#8221;Contact&#8221; _builder_version=&#8221;4.27.4&#8243; background_color=&#8221;#1b1b1b&#8221; use_background_color_gradient=&#8221;on&#8221; background_color_gradient_stops=&#8221;#121212 0%|rgba(18,18,18,0.8) 100%&#8221; background_color_gradient_overlays_image=&#8221;on&#8221; background_color_gradient_start=&#8221;#121212&#8243; background_color_gradient_end=&#8221;rgba(18,18,18,0.8)&#8221; background_image=&#8221;https:\/\/new.kovac-metal.com\/wp-content\/uploads\/2025\/10\/laptop-5428881_1920.jpg&#8221; custom_margin=&#8221;116px|||||&#8221; custom_padding=&#8221;100px|0px|240px|0px&#8221; global_colors_info=&#8221;{}&#8221; theme_builder_area=&#8221;post_content&#8221;][\/et_pb_section][et_pb_section fb_built=&#8221;1&#8243; _builder_version=&#8221;4.27.4&#8243; _module_preset=&#8221;default&#8221; background_color=&#8221;#1a1a1a&#8221; min_height=&#8221;353.2px&#8221; custom_padding=&#8221;0px||0px|||&#8221; locked=&#8221;off&#8221; global_colors_info=&#8221;{}&#8221; theme_builder_area=&#8221;post_content&#8221;][et_pb_row column_structure=&#8221;1_3,1_3,1_3&#8243; _builder_version=&#8221;4.27.4&#8243; _module_preset=&#8221;default&#8221; custom_padding=&#8221;||0px|||&#8221; global_colors_info=&#8221;{}&#8221; theme_builder_area=&#8221;post_content&#8221;][et_pb_column type=&#8221;1_3&#8243; _builder_version=&#8221;4.27.4&#8243; _module_preset=&#8221;default&#8221; global_colors_info=&#8221;{}&#8221; theme_builder_area=&#8221;post_content&#8221;][et_pb_text _builder_version=&#8221;4.27.4&#8243; _module_preset=&#8221;default&#8221; custom_margin=&#8221;|-146px||||&#8221; global_colors_info=&#8221;{}&#8221; theme_builder_area=&#8221;post_content&#8221;]<\/p>\n<p><span><\/span><\/p>\n<p><span><\/span><\/p>\n<p><a href=\"https:\/\/new.kovac-metal.com\/en\/impresum\/\"><span>imprint<\/span><\/a><\/p>\n<p><a href=\"https:\/\/new.kovac-metal.com\/en\/opci-uvjeti-poslovanja\/\"><span>general terms and conditions<\/span><\/a><\/p>\n<p><a href=\"https:\/\/new.kovac-metal.com\/en\/pravila-koristenja\/\"><span>terms of use<\/span><\/a><\/p>\n<p><a href=\"https:\/\/new.kovac-metal.com\/en\/privatnost\/\"><span>privacy\u00a0<\/span><\/a><\/p>\n<p>[\/et_pb_text][\/et_pb_column][et_pb_column type=&#8221;1_3&#8243; _builder_version=&#8221;4.27.4&#8243; _module_preset=&#8221;default&#8221; global_colors_info=&#8221;{}&#8221; theme_builder_area=&#8221;post_content&#8221;][et_pb_text _builder_version=&#8221;4.27.4&#8243; _module_preset=&#8221;default&#8221; background_image=&#8221;https:\/\/new.kovac-metal.com\/wp-content\/uploads\/2025\/10\/KM-LOGO_g.png&#8221; background_size=&#8221;custom&#8221; background_image_width=&#8221;38%&#8221; background_image_height=&#8221;0%&#8221; custom_margin=&#8221;|-146px||||&#8221; locked=&#8221;off&#8221; global_colors_info=&#8221;{}&#8221; theme_builder_area=&#8221;post_content&#8221;]<\/p>\n<p>&nbsp;<\/p>\n<p>&nbsp;<\/p>\n<p>&nbsp;<\/p>\n<p>&nbsp;<\/p>\n<p>&nbsp;<\/p>\n<p>&nbsp;<\/p>\n<p>[\/et_pb_text][\/et_pb_column][et_pb_column type=&#8221;1_3&#8243; _builder_version=&#8221;4.27.4&#8243; _module_preset=&#8221;default&#8221; global_colors_info=&#8221;{}&#8221; theme_builder_area=&#8221;post_content&#8221;][et_pb_text _builder_version=&#8221;4.27.4&#8243; _module_preset=&#8221;default&#8221; custom_margin=&#8221;|-146px||||&#8221; locked=&#8221;off&#8221; global_colors_info=&#8221;{}&#8221; theme_builder_area=&#8221;post_content&#8221;]<\/p>\n<p style=\"text-align: right;\"><strong><\/strong><\/p>\n<p style=\"text-align: right;\"><strong><\/strong><\/p>\n<p style=\"text-align: right;\"><strong>Phone<br \/><\/strong>+385 (0)98 17 666 02<\/p>\n<p style=\"text-align: right;\"><strong>E-mail<br \/><\/strong>office(@)kovac-metal.com<\/p>\n<p style=\"text-align: right;\"><strong>Address:<\/strong><\/p>\n<p style=\"text-align: right;\"><strong>Blacksmith \u2013 Metal Ltd.<\/strong><br \/>Dr. Vinka \u017dganca 49<br \/>40000 Cakovec<br \/>CROATIA<\/p>\n<p>[\/et_pb_text][\/et_pb_column][\/et_pb_row][\/et_pb_section]<\/p>","protected":false},"excerpt":{"rendered":"<p>PRAVILA PRIVATNOSTI za web stranicu Kova\u010d-Metal d.o.o. &nbsp; 1. Op\u0107e informacije Ova Pravila privatnosti definiraju kako Kova\u010d-Metal d.o.o., sa sjedi\u0161tem na adresi [unesi adresu], OIB: [unesi OIB], prikuplja, koristi, obra\u0111uje i \u0161titi osobne podatke korisnika u skladu s Uredbom (EU) 2016\/679 (GDPR) i va\u017ee\u0107im zakonima Republike Hrvatske. Kori\u0161tenjem na\u0161e web stranice www.kovac-metal.hr, prihva\u0107ate uvjete ove [&hellip;]<\/p>","protected":false},"author":1,"featured_media":0,"parent":0,"menu_order":0,"comment_status":"closed","ping_status":"closed","template":"","meta":{"_et_pb_use_builder":"on","_et_pb_old_content":"<!-- wp:divi\/placeholder \/-->","_et_gb_content_width":"","footnotes":""},"class_list":["post-471","page","type-page","status-publish","hentry"],"yoast_head":"<!-- This site is optimized with the Yoast SEO plugin v26.4 - https:\/\/yoast.com\/wordpress\/plugins\/seo\/ -->\n<title>privatnost\u00a0 - Kova\u010d Metal<\/title>\n<meta name=\"robots\" content=\"index, follow, max-snippet:-1, max-image-preview:large, max-video-preview:-1\" \/>\n<link rel=\"canonical\" href=\"https:\/\/new.kovac-metal.com\/en\/privatnost\/\" \/>\n<meta property=\"og:locale\" content=\"en_GB\" \/>\n<meta property=\"og:type\" content=\"article\" \/>\n<meta property=\"og:title\" content=\"privatnost\u00a0 - Kova\u010d Metal\" \/>\n<meta property=\"og:description\" content=\"PRAVILA PRIVATNOSTI za web stranicu Kova\u010d-Metal d.o.o. &nbsp; 1. Op\u0107e informacije Ova Pravila privatnosti definiraju kako Kova\u010d-Metal d.o.o., sa sjedi\u0161tem na adresi [unesi adresu], OIB: [unesi OIB], prikuplja, koristi, obra\u0111uje i \u0161titi osobne podatke korisnika u skladu s Uredbom (EU) 2016\/679 (GDPR) i va\u017ee\u0107im zakonima Republike Hrvatske. Kori\u0161tenjem na\u0161e web stranice www.kovac-metal.hr, prihva\u0107ate uvjete ove [&hellip;]\" \/>\n<meta property=\"og:url\" content=\"https:\/\/new.kovac-metal.com\/en\/privatnost\/\" \/>\n<meta property=\"og:site_name\" content=\"Kova\u010d Metal\" \/>\n<meta property=\"article:publisher\" content=\"https:\/\/www.facebook.com\/KovacMetal\" \/>\n<meta property=\"article:modified_time\" content=\"2025-10-02T08:46:56+00:00\" \/>\n<meta name=\"twitter:card\" content=\"summary_large_image\" \/>\n<script type=\"application\/ld+json\" class=\"yoast-schema-graph\">{\"@context\":\"https:\/\/schema.org\",\"@graph\":[{\"@type\":\"WebPage\",\"@id\":\"https:\/\/new.kovac-metal.com\/privatnost\/\",\"url\":\"https:\/\/new.kovac-metal.com\/privatnost\/\",\"name\":\"privatnost\u00a0 - Kova\u010d Metal\",\"isPartOf\":{\"@id\":\"https:\/\/new.kovac-metal.com\/#website\"},\"datePublished\":\"2025-10-01T18:39:43+00:00\",\"dateModified\":\"2025-10-02T08:46:56+00:00\",\"breadcrumb\":{\"@id\":\"https:\/\/new.kovac-metal.com\/privatnost\/#breadcrumb\"},\"inLanguage\":\"en-GB\",\"potentialAction\":[{\"@type\":\"ReadAction\",\"target\":[\"https:\/\/new.kovac-metal.com\/privatnost\/\"]}]},{\"@type\":\"BreadcrumbList\",\"@id\":\"https:\/\/new.kovac-metal.com\/privatnost\/#breadcrumb\",\"itemListElement\":[{\"@type\":\"ListItem\",\"position\":1,\"name\":\"Home\",\"item\":\"https:\/\/new.kovac-metal.com\/\"},{\"@type\":\"ListItem\",\"position\":2,\"name\":\"privatnost\u00a0\"}]},{\"@type\":\"WebSite\",\"@id\":\"https:\/\/new.kovac-metal.com\/#website\",\"url\":\"https:\/\/new.kovac-metal.com\/\",\"name\":\"Kova\u010d Metal\",\"description\":\"Mi izra\u0111ujemo stvari\",\"publisher\":{\"@id\":\"https:\/\/new.kovac-metal.com\/#organization\"},\"alternateName\":\"Strojna obrada i metalne konstrukcije\",\"potentialAction\":[{\"@type\":\"SearchAction\",\"target\":{\"@type\":\"EntryPoint\",\"urlTemplate\":\"https:\/\/new.kovac-metal.com\/?s={search_term_string}\"},\"query-input\":{\"@type\":\"PropertyValueSpecification\",\"valueRequired\":true,\"valueName\":\"search_term_string\"}}],\"inLanguage\":\"en-GB\"},{\"@type\":\"Organization\",\"@id\":\"https:\/\/new.kovac-metal.com\/#organization\",\"name\":\"Kova\u010d Metal\",\"url\":\"https:\/\/new.kovac-metal.com\/\",\"logo\":{\"@type\":\"ImageObject\",\"inLanguage\":\"en-GB\",\"@id\":\"https:\/\/new.kovac-metal.com\/#\/schema\/logo\/image\/\",\"url\":\"https:\/\/new.kovac-metal.com\/wp-content\/uploads\/2024\/10\/cropped-KM-LOGO_w.png\",\"contentUrl\":\"https:\/\/new.kovac-metal.com\/wp-content\/uploads\/2024\/10\/cropped-KM-LOGO_w.png\",\"width\":512,\"height\":512,\"caption\":\"Kova\u010d Metal\"},\"image\":{\"@id\":\"https:\/\/new.kovac-metal.com\/#\/schema\/logo\/image\/\"},\"sameAs\":[\"https:\/\/www.facebook.com\/KovacMetal\"]}]}<\/script>\n<!-- \/ Yoast SEO plugin. -->","yoast_head_json":{"title":"privatnost\u00a0 - Kova\u010d Metal","robots":{"index":"index","follow":"follow","max-snippet":"max-snippet:-1","max-image-preview":"max-image-preview:large","max-video-preview":"max-video-preview:-1"},"canonical":"https:\/\/new.kovac-metal.com\/en\/privatnost\/","og_locale":"en_GB","og_type":"article","og_title":"privatnost\u00a0 - Kova\u010d Metal","og_description":"PRAVILA PRIVATNOSTI za web stranicu Kova\u010d-Metal d.o.o. &nbsp; 1. Op\u0107e informacije Ova Pravila privatnosti definiraju kako Kova\u010d-Metal d.o.o., sa sjedi\u0161tem na adresi [unesi adresu], OIB: [unesi OIB], prikuplja, koristi, obra\u0111uje i \u0161titi osobne podatke korisnika u skladu s Uredbom (EU) 2016\/679 (GDPR) i va\u017ee\u0107im zakonima Republike Hrvatske. Kori\u0161tenjem na\u0161e web stranice www.kovac-metal.hr, prihva\u0107ate uvjete ove [&hellip;]","og_url":"https:\/\/new.kovac-metal.com\/en\/privatnost\/","og_site_name":"Kova\u010d Metal","article_publisher":"https:\/\/www.facebook.com\/KovacMetal","article_modified_time":"2025-10-02T08:46:56+00:00","twitter_card":"summary_large_image","schema":{"@context":"https:\/\/schema.org","@graph":[{"@type":"WebPage","@id":"https:\/\/new.kovac-metal.com\/privatnost\/","url":"https:\/\/new.kovac-metal.com\/privatnost\/","name":"privatnost\u00a0 - Kova\u010d Metal","isPartOf":{"@id":"https:\/\/new.kovac-metal.com\/#website"},"datePublished":"2025-10-01T18:39:43+00:00","dateModified":"2025-10-02T08:46:56+00:00","breadcrumb":{"@id":"https:\/\/new.kovac-metal.com\/privatnost\/#breadcrumb"},"inLanguage":"en-GB","potentialAction":[{"@type":"ReadAction","target":["https:\/\/new.kovac-metal.com\/privatnost\/"]}]},{"@type":"BreadcrumbList","@id":"https:\/\/new.kovac-metal.com\/privatnost\/#breadcrumb","itemListElement":[{"@type":"ListItem","position":1,"name":"Home","item":"https:\/\/new.kovac-metal.com\/"},{"@type":"ListItem","position":2,"name":"privatnost\u00a0"}]},{"@type":"WebSite","@id":"https:\/\/new.kovac-metal.com\/#website","url":"https:\/\/new.kovac-metal.com\/","name":"Kova\u010d Metal","description":"Mi izra\u0111ujemo stvari","publisher":{"@id":"https:\/\/new.kovac-metal.com\/#organization"},"alternateName":"Strojna obrada i metalne konstrukcije","potentialAction":[{"@type":"SearchAction","target":{"@type":"EntryPoint","urlTemplate":"https:\/\/new.kovac-metal.com\/?s={search_term_string}"},"query-input":{"@type":"PropertyValueSpecification","valueRequired":true,"valueName":"search_term_string"}}],"inLanguage":"en-GB"},{"@type":"Organization","@id":"https:\/\/new.kovac-metal.com\/#organization","name":"Kova\u010d Metal","url":"https:\/\/new.kovac-metal.com\/","logo":{"@type":"ImageObject","inLanguage":"en-GB","@id":"https:\/\/new.kovac-metal.com\/#\/schema\/logo\/image\/","url":"https:\/\/new.kovac-metal.com\/wp-content\/uploads\/2024\/10\/cropped-KM-LOGO_w.png","contentUrl":"https:\/\/new.kovac-metal.com\/wp-content\/uploads\/2024\/10\/cropped-KM-LOGO_w.png","width":512,"height":512,"caption":"Kova\u010d Metal"},"image":{"@id":"https:\/\/new.kovac-metal.com\/#\/schema\/logo\/image\/"},"sameAs":["https:\/\/www.facebook.com\/KovacMetal"]}]}},"_links":{"self":[{"href":"https:\/\/new.kovac-metal.com\/en\/wp-json\/wp\/v2\/pages\/471","targetHints":{"allow":["GET"]}}],"collection":[{"href":"https:\/\/new.kovac-metal.com\/en\/wp-json\/wp\/v2\/pages"}],"about":[{"href":"https:\/\/new.kovac-metal.com\/en\/wp-json\/wp\/v2\/types\/page"}],"author":[{"embeddable":true,"href":"https:\/\/new.kovac-metal.com\/en\/wp-json\/wp\/v2\/users\/1"}],"replies":[{"embeddable":true,"href":"https:\/\/new.kovac-metal.com\/en\/wp-json\/wp\/v2\/comments?post=471"}],"version-history":[{"count":3,"href":"https:\/\/new.kovac-metal.com\/en\/wp-json\/wp\/v2\/pages\/471\/revisions"}],"predecessor-version":[{"id":502,"href":"https:\/\/new.kovac-metal.com\/en\/wp-json\/wp\/v2\/pages\/471\/revisions\/502"}],"wp:attachment":[{"href":"https:\/\/new.kovac-metal.com\/en\/wp-json\/wp\/v2\/media?parent=471"}],"curies":[{"name":"wp","href":"https:\/\/api.w.org\/{rel}","templated":true}]}}