{"id":469,"date":"2025-10-01T20:39:19","date_gmt":"2025-10-01T18:39:19","guid":{"rendered":"https:\/\/new.kovac-metal.com\/?page_id=469"},"modified":"2025-10-02T10:41:56","modified_gmt":"2025-10-02T08:41:56","slug":"pravila-koristenja","status":"publish","type":"page","link":"https:\/\/new.kovac-metal.com\/en\/pravila-koristenja\/","title":{"rendered":"terms of use"},"content":{"rendered":"<p>[et_pb_section fb_built=&#8221;1&#8243; admin_label=&#8221;Hero Section&#8221; _builder_version=&#8221;4.16&#8243; custom_padding=&#8221;0|0px|0px|0px&#8221; global_colors_info=&#8221;{}&#8221; theme_builder_area=&#8221;post_content&#8221;][et_pb_row column_structure=&#8221;1_2,1_2&#8243; use_custom_gutter=&#8221;on&#8221; make_equal=&#8221;on&#8221; _builder_version=&#8221;4.27.4&#8243; width=&#8221;100%&#8221; max_width=&#8221;100%&#8221; custom_margin=&#8221;|auto|91px|auto||&#8221; custom_padding=&#8221;0px|0|0px|&#8221; use_custom_width=&#8221;on&#8221; width_unit=&#8221;off&#8221; custom_width_percent=&#8221;100%&#8221; global_colors_info=&#8221;{}&#8221; theme_builder_area=&#8221;post_content&#8221;][et_pb_column type=&#8221;1_2&#8243; _builder_version=&#8221;4.16&#8243; custom_padding=&#8221;200px|4%|200px|8%&#8221; custom_padding_tablet=&#8221;60px|10%|60px|10%&#8221; custom_padding_phone=&#8221;&#8221; custom_padding_last_edited=&#8221;on|tablet&#8221; global_colors_info=&#8221;{}&#8221; padding_tablet=&#8221;60px|10%|60px|10%&#8221; padding_last_edited=&#8221;on|tablet&#8221; custom_padding__hover=&#8221;|||&#8221; padding_phone=&#8221;60px|10%|60px|10%&#8221; theme_builder_area=&#8221;post_content&#8221;][et_pb_text _builder_version=&#8221;4.27.4&#8243; text_font=&#8221;Karla||||||||&#8221; text_font_size=&#8221;18px&#8221; text_line_height=&#8221;1.8em&#8221; header_font=&#8221;Cormorant Garamond||||||||&#8221; header_font_size=&#8221;56px&#8221; header_line_height=&#8221;1.4em&#8221; header_2_font=&#8221;||||||||&#8221; header_3_font=&#8221;||||||||&#8221; max_width=&#8221;600px&#8221; header_font_size_tablet=&#8221;40px&#8221; header_font_size_phone=&#8221;&#8221; header_font_size_last_edited=&#8221;on|tablet&#8221; locked=&#8221;off&#8221; global_colors_info=&#8221;{}&#8221; theme_builder_area=&#8221;post_content&#8221;]<\/p>\n<h2>UVJETI KORI\u0160TENJA WEB STRANICE<\/h2>\n<p>&nbsp;<\/p>\n<h3 data-start=\"619\" data-end=\"644\">1. Prihva\u0107anje uvjeta<\/h3>\n<p data-start=\"645\" data-end=\"789\">Kori\u0161tenjem web stranice <strong data-start=\"670\" data-end=\"692\"><a data-start=\"672\" data-end=\"690\" rel=\"noopener\" target=\"_new\" class=\"decorated-link cursor-pointer\">www.kovac-metal.hr<span aria-hidden=\"true\" class=\"ms-0.5 inline-block align-middle leading-none\"><svg width=\"20\" height=\"20\" viewbox=\"0 0 20 20\" fill=\"currentColor\" xmlns=\"http:\/\/www.w3.org\/2000\/svg\" data-rtl-flip=\"\" class=\"block h-[0.75em] w-[0.75em] stroke-current stroke-[0.75]\"><path d=\"M14.3349 13.3301V6.60645L5.47065 15.4707C5.21095 15.7304 4.78895 15.7304 4.52925 15.4707C4.26955 15.211 4.26955 14.789 4.52925 14.5293L13.3935 5.66504H6.66011C6.29284 5.66504 5.99507 5.36727 5.99507 5C5.99507 4.63273 6.29284 4.33496 6.66011 4.33496H14.9999L15.1337 4.34863C15.4369 4.41057 15.665 4.67857 15.665 5V13.3301C15.6649 13.6973 15.3672 13.9951 14.9999 13.9951C14.6327 13.9951 14.335 13.6973 14.3349 13.3301Z\"><\/path><\/svg><\/span><\/a><\/strong>, prihva\u0107ate ove Uvjete kori\u0161tenja. Ako se ne sla\u017eete s uvjetima, nemojte koristiti ovu stranicu.<\/p>\n<h3 data-start=\"791\" data-end=\"832\">2. Sadr\u017eaj i intelektualno vlasni\u0161tvo<\/h3>\n<p data-start=\"833\" data-end=\"1058\">Svi sadr\u017eaji (tekstovi, slike, grafike, logotipi, dokumenti) vlasni\u0161tvo su Kova\u010d-Metal d.o.o., osim ako nije druga\u010dije nazna\u010deno. Zabranjeno je kopiranje, distribucija ili kori\u0161tenje sadr\u017eaja bez izri\u010ditog pisanog dopu\u0161tenja.<\/p>\n<h3 data-start=\"1060\" data-end=\"1086\">3. To\u010dnost informacija<\/h3>\n<p data-start=\"1087\" data-end=\"1295\">Kova\u010d-Metal d.o.o. nastoji osigurati to\u010dnost i a\u017eurnost informacija na stranici, no ne jam\u010di njihovu potpunost ili ispravnost. Zadr\u017eavamo pravo izmjene sadr\u017eaja u bilo kojem trenutku bez prethodne obavijesti.<\/p>\n<h3 data-start=\"1297\" data-end=\"1321\">4. Vanjske poveznice<\/h3>\n<p data-start=\"1322\" data-end=\"1463\">Web stranica mo\u017ee sadr\u017eavati poveznice na druge stranice. Kova\u010d-Metal d.o.o. nije odgovoran za sadr\u017eaj ili politiku privatnosti tih stranica.<\/p>\n<h3 data-start=\"1465\" data-end=\"1496\">5. Ograni\u010denje odgovornosti<\/h3>\n<p data-start=\"1497\" data-end=\"1662\">Kova\u010d-Metal d.o.o. nije odgovoran za eventualnu \u0161tetu nastalu kori\u0161tenjem ove stranice, uklju\u010duju\u0107i, ali ne ograni\u010davaju\u0107i se na gre\u0161ke, viruse, prekide u radu i sl.<\/p>\n<h3 data-start=\"1664\" data-end=\"1685\">6. Izmjene uvjeta<\/h3>\n<p data-start=\"1686\" data-end=\"1833\">Zadr\u017eavamo pravo izmjene ovih Uvjeta kori\u0161tenja u bilo kojem trenutku. Preporu\u010dujemo redovito provjeravanje ove stranice radi eventualnih promjena.<\/p>\n<p>[\/et_pb_text][\/et_pb_column][et_pb_column type=&#8221;1_2&#8243; _builder_version=&#8221;4.27.4&#8243; background_color=&#8221;#121212&#8243; use_background_color_gradient=&#8221;on&#8221; background_color_gradient_stops=&#8221;rgba(18,18,18,0.5) 0%|#121212 100%&#8221; background_color_gradient_overlays_image=&#8221;on&#8221; background_color_gradient_start=&#8221;rgba(18,18,18,0.5)&#8221; background_color_gradient_end=&#8221;#121212&#8243; background_image=&#8221;https:\/\/new.kovac-metal.com\/wp-content\/uploads\/2025\/10\/laptop-5428881_1920.jpg&#8221; custom_padding=&#8221;100px||100px|&#8221; custom_padding_tablet=&#8221;60px||60px|&#8221; custom_padding_phone=&#8221;&#8221; custom_padding_last_edited=&#8221;on|desktop&#8221; global_colors_info=&#8221;{}&#8221; padding_tablet=&#8221;60px||60px|&#8221; padding_last_edited=&#8221;on|desktop&#8221; custom_padding__hover=&#8221;|||&#8221; padding_phone=&#8221;60px||60px|&#8221; theme_builder_area=&#8221;post_content&#8221;][et_pb_divider show_divider=&#8221;off&#8221; _builder_version=&#8221;4.16&#8243; height=&#8221;100px&#8221; global_colors_info=&#8221;{}&#8221; theme_builder_area=&#8221;post_content&#8221;][\/et_pb_divider][\/et_pb_column][\/et_pb_row][\/et_pb_section][et_pb_section fb_built=&#8221;1&#8243; admin_label=&#8221;Contact&#8221; _builder_version=&#8221;4.27.4&#8243; background_color=&#8221;#1b1b1b&#8221; use_background_color_gradient=&#8221;on&#8221; background_color_gradient_stops=&#8221;#121212 0%|rgba(18,18,18,0.8) 100%&#8221; background_color_gradient_overlays_image=&#8221;on&#8221; background_color_gradient_start=&#8221;#121212&#8243; background_color_gradient_end=&#8221;rgba(18,18,18,0.8)&#8221; background_image=&#8221;https:\/\/new.kovac-metal.com\/wp-content\/uploads\/2025\/10\/laptop-5428881_1920.jpg&#8221; custom_margin=&#8221;116px|||||&#8221; custom_padding=&#8221;100px|0px|240px|0px&#8221; global_colors_info=&#8221;{}&#8221; theme_builder_area=&#8221;post_content&#8221;][\/et_pb_section][et_pb_section fb_built=&#8221;1&#8243; _builder_version=&#8221;4.27.4&#8243; _module_preset=&#8221;default&#8221; background_color=&#8221;#1a1a1a&#8221; min_height=&#8221;353.2px&#8221; custom_padding=&#8221;0px||0px|||&#8221; locked=&#8221;off&#8221; global_colors_info=&#8221;{}&#8221; theme_builder_area=&#8221;post_content&#8221;][et_pb_row column_structure=&#8221;1_3,1_3,1_3&#8243; _builder_version=&#8221;4.27.4&#8243; _module_preset=&#8221;default&#8221; custom_padding=&#8221;||0px|||&#8221; global_colors_info=&#8221;{}&#8221; theme_builder_area=&#8221;post_content&#8221;][et_pb_column type=&#8221;1_3&#8243; _builder_version=&#8221;4.27.4&#8243; _module_preset=&#8221;default&#8221; global_colors_info=&#8221;{}&#8221; theme_builder_area=&#8221;post_content&#8221;][et_pb_text _builder_version=&#8221;4.27.4&#8243; _module_preset=&#8221;default&#8221; custom_margin=&#8221;|-146px||||&#8221; global_colors_info=&#8221;{}&#8221; theme_builder_area=&#8221;post_content&#8221;]<\/p>\n<p><span><\/span><\/p>\n<p><span><\/span><\/p>\n<p><a href=\"https:\/\/new.kovac-metal.com\/en\/impresum\/\"><span>imprint<\/span><\/a><\/p>\n<p><a href=\"https:\/\/new.kovac-metal.com\/en\/opci-uvjeti-poslovanja\/\"><span>general terms and conditions<\/span><\/a><\/p>\n<p><a href=\"https:\/\/new.kovac-metal.com\/en\/pravila-koristenja\/\"><span>terms of use<\/span><\/a><\/p>\n<p><a href=\"https:\/\/new.kovac-metal.com\/en\/privatnost\/\"><span>privacy\u00a0<\/span><\/a><\/p>\n<p>[\/et_pb_text][\/et_pb_column][et_pb_column type=&#8221;1_3&#8243; _builder_version=&#8221;4.27.4&#8243; _module_preset=&#8221;default&#8221; global_colors_info=&#8221;{}&#8221; theme_builder_area=&#8221;post_content&#8221;][et_pb_text _builder_version=&#8221;4.27.4&#8243; _module_preset=&#8221;default&#8221; background_image=&#8221;https:\/\/new.kovac-metal.com\/wp-content\/uploads\/2025\/10\/KM-LOGO_g.png&#8221; background_size=&#8221;custom&#8221; background_image_width=&#8221;38%&#8221; background_image_height=&#8221;0%&#8221; custom_margin=&#8221;|-146px||||&#8221; locked=&#8221;off&#8221; global_colors_info=&#8221;{}&#8221; theme_builder_area=&#8221;post_content&#8221;]<\/p>\n<p>&nbsp;<\/p>\n<p>&nbsp;<\/p>\n<p>&nbsp;<\/p>\n<p>&nbsp;<\/p>\n<p>&nbsp;<\/p>\n<p>&nbsp;<\/p>\n<p>[\/et_pb_text][\/et_pb_column][et_pb_column type=&#8221;1_3&#8243; _builder_version=&#8221;4.27.4&#8243; _module_preset=&#8221;default&#8221; global_colors_info=&#8221;{}&#8221; theme_builder_area=&#8221;post_content&#8221;][et_pb_text _builder_version=&#8221;4.27.4&#8243; _module_preset=&#8221;default&#8221; custom_margin=&#8221;|-146px||||&#8221; locked=&#8221;off&#8221; global_colors_info=&#8221;{}&#8221; theme_builder_area=&#8221;post_content&#8221;]<\/p>\n<p style=\"text-align: right;\"><strong><\/strong><\/p>\n<p style=\"text-align: right;\"><strong><\/strong><\/p>\n<p style=\"text-align: right;\"><strong>Phone<br \/><\/strong>+385 (0)98 17 666 02<\/p>\n<p style=\"text-align: right;\"><strong>E-mail<br \/><\/strong>office(@)kovac-metal.com<\/p>\n<p style=\"text-align: right;\"><strong>Address:<\/strong><\/p>\n<p style=\"text-align: right;\"><strong>Blacksmith \u2013 Metal Ltd.<\/strong><br \/>Dr. Vinka \u017dganca 49<br \/>40000 Cakovec<br \/>CROATIA<\/p>\n<p>[\/et_pb_text][\/et_pb_column][\/et_pb_row][\/et_pb_section]<\/p>","protected":false},"excerpt":{"rendered":"<p>UVJETI KORI\u0160TENJA WEB STRANICE &nbsp; 1. Prihva\u0107anje uvjeta Kori\u0161tenjem web stranice www.kovac-metal.hr, prihva\u0107ate ove Uvjete kori\u0161tenja. Ako se ne sla\u017eete s uvjetima, nemojte koristiti ovu stranicu. 2. Sadr\u017eaj i intelektualno vlasni\u0161tvo Svi sadr\u017eaji (tekstovi, slike, grafike, logotipi, dokumenti) vlasni\u0161tvo su Kova\u010d-Metal d.o.o., osim ako nije druga\u010dije nazna\u010deno. Zabranjeno je kopiranje, distribucija ili kori\u0161tenje sadr\u017eaja bez [&hellip;]<\/p>","protected":false},"author":1,"featured_media":0,"parent":0,"menu_order":0,"comment_status":"closed","ping_status":"closed","template":"","meta":{"_et_pb_use_builder":"on","_et_pb_old_content":"","_et_gb_content_width":"","footnotes":""},"class_list":["post-469","page","type-page","status-publish","hentry"],"yoast_head":"<!-- This site is optimized with the Yoast SEO plugin v26.4 - https:\/\/yoast.com\/wordpress\/plugins\/seo\/ -->\n<title>pravila kori\u0161tenja - Kova\u010d Metal<\/title>\n<meta name=\"robots\" content=\"index, follow, max-snippet:-1, max-image-preview:large, max-video-preview:-1\" \/>\n<link rel=\"canonical\" href=\"https:\/\/new.kovac-metal.com\/en\/pravila-koristenja\/\" \/>\n<meta property=\"og:locale\" content=\"en_GB\" \/>\n<meta property=\"og:type\" content=\"article\" \/>\n<meta property=\"og:title\" content=\"pravila kori\u0161tenja - Kova\u010d Metal\" \/>\n<meta property=\"og:description\" content=\"UVJETI KORI\u0160TENJA WEB STRANICE &nbsp; 1. Prihva\u0107anje uvjeta Kori\u0161tenjem web stranice www.kovac-metal.hr, prihva\u0107ate ove Uvjete kori\u0161tenja. Ako se ne sla\u017eete s uvjetima, nemojte koristiti ovu stranicu. 2. Sadr\u017eaj i intelektualno vlasni\u0161tvo Svi sadr\u017eaji (tekstovi, slike, grafike, logotipi, dokumenti) vlasni\u0161tvo su Kova\u010d-Metal d.o.o., osim ako nije druga\u010dije nazna\u010deno. Zabranjeno je kopiranje, distribucija ili kori\u0161tenje sadr\u017eaja bez [&hellip;]\" \/>\n<meta property=\"og:url\" content=\"https:\/\/new.kovac-metal.com\/en\/pravila-koristenja\/\" \/>\n<meta property=\"og:site_name\" content=\"Kova\u010d Metal\" \/>\n<meta property=\"article:publisher\" content=\"https:\/\/www.facebook.com\/KovacMetal\" \/>\n<meta property=\"article:modified_time\" content=\"2025-10-02T08:41:56+00:00\" \/>\n<meta name=\"twitter:card\" content=\"summary_large_image\" \/>\n<script type=\"application\/ld+json\" class=\"yoast-schema-graph\">{\"@context\":\"https:\/\/schema.org\",\"@graph\":[{\"@type\":\"WebPage\",\"@id\":\"https:\/\/new.kovac-metal.com\/pravila-koristenja\/\",\"url\":\"https:\/\/new.kovac-metal.com\/pravila-koristenja\/\",\"name\":\"pravila kori\u0161tenja - Kova\u010d Metal\",\"isPartOf\":{\"@id\":\"https:\/\/new.kovac-metal.com\/#website\"},\"datePublished\":\"2025-10-01T18:39:19+00:00\",\"dateModified\":\"2025-10-02T08:41:56+00:00\",\"breadcrumb\":{\"@id\":\"https:\/\/new.kovac-metal.com\/pravila-koristenja\/#breadcrumb\"},\"inLanguage\":\"en-GB\",\"potentialAction\":[{\"@type\":\"ReadAction\",\"target\":[\"https:\/\/new.kovac-metal.com\/pravila-koristenja\/\"]}]},{\"@type\":\"BreadcrumbList\",\"@id\":\"https:\/\/new.kovac-metal.com\/pravila-koristenja\/#breadcrumb\",\"itemListElement\":[{\"@type\":\"ListItem\",\"position\":1,\"name\":\"Home\",\"item\":\"https:\/\/new.kovac-metal.com\/\"},{\"@type\":\"ListItem\",\"position\":2,\"name\":\"pravila kori\u0161tenja\"}]},{\"@type\":\"WebSite\",\"@id\":\"https:\/\/new.kovac-metal.com\/#website\",\"url\":\"https:\/\/new.kovac-metal.com\/\",\"name\":\"Kova\u010d Metal\",\"description\":\"Mi izra\u0111ujemo stvari\",\"publisher\":{\"@id\":\"https:\/\/new.kovac-metal.com\/#organization\"},\"alternateName\":\"Strojna obrada i metalne konstrukcije\",\"potentialAction\":[{\"@type\":\"SearchAction\",\"target\":{\"@type\":\"EntryPoint\",\"urlTemplate\":\"https:\/\/new.kovac-metal.com\/?s={search_term_string}\"},\"query-input\":{\"@type\":\"PropertyValueSpecification\",\"valueRequired\":true,\"valueName\":\"search_term_string\"}}],\"inLanguage\":\"en-GB\"},{\"@type\":\"Organization\",\"@id\":\"https:\/\/new.kovac-metal.com\/#organization\",\"name\":\"Kova\u010d Metal\",\"url\":\"https:\/\/new.kovac-metal.com\/\",\"logo\":{\"@type\":\"ImageObject\",\"inLanguage\":\"en-GB\",\"@id\":\"https:\/\/new.kovac-metal.com\/#\/schema\/logo\/image\/\",\"url\":\"https:\/\/new.kovac-metal.com\/wp-content\/uploads\/2024\/10\/cropped-KM-LOGO_w.png\",\"contentUrl\":\"https:\/\/new.kovac-metal.com\/wp-content\/uploads\/2024\/10\/cropped-KM-LOGO_w.png\",\"width\":512,\"height\":512,\"caption\":\"Kova\u010d Metal\"},\"image\":{\"@id\":\"https:\/\/new.kovac-metal.com\/#\/schema\/logo\/image\/\"},\"sameAs\":[\"https:\/\/www.facebook.com\/KovacMetal\"]}]}<\/script>\n<!-- \/ Yoast SEO plugin. -->","yoast_head_json":{"title":"pravila kori\u0161tenja - Kova\u010d Metal","robots":{"index":"index","follow":"follow","max-snippet":"max-snippet:-1","max-image-preview":"max-image-preview:large","max-video-preview":"max-video-preview:-1"},"canonical":"https:\/\/new.kovac-metal.com\/en\/pravila-koristenja\/","og_locale":"en_GB","og_type":"article","og_title":"pravila kori\u0161tenja - Kova\u010d Metal","og_description":"UVJETI KORI\u0160TENJA WEB STRANICE &nbsp; 1. Prihva\u0107anje uvjeta Kori\u0161tenjem web stranice www.kovac-metal.hr, prihva\u0107ate ove Uvjete kori\u0161tenja. Ako se ne sla\u017eete s uvjetima, nemojte koristiti ovu stranicu. 2. Sadr\u017eaj i intelektualno vlasni\u0161tvo Svi sadr\u017eaji (tekstovi, slike, grafike, logotipi, dokumenti) vlasni\u0161tvo su Kova\u010d-Metal d.o.o., osim ako nije druga\u010dije nazna\u010deno. Zabranjeno je kopiranje, distribucija ili kori\u0161tenje sadr\u017eaja bez [&hellip;]","og_url":"https:\/\/new.kovac-metal.com\/en\/pravila-koristenja\/","og_site_name":"Kova\u010d Metal","article_publisher":"https:\/\/www.facebook.com\/KovacMetal","article_modified_time":"2025-10-02T08:41:56+00:00","twitter_card":"summary_large_image","schema":{"@context":"https:\/\/schema.org","@graph":[{"@type":"WebPage","@id":"https:\/\/new.kovac-metal.com\/pravila-koristenja\/","url":"https:\/\/new.kovac-metal.com\/pravila-koristenja\/","name":"pravila kori\u0161tenja - Kova\u010d Metal","isPartOf":{"@id":"https:\/\/new.kovac-metal.com\/#website"},"datePublished":"2025-10-01T18:39:19+00:00","dateModified":"2025-10-02T08:41:56+00:00","breadcrumb":{"@id":"https:\/\/new.kovac-metal.com\/pravila-koristenja\/#breadcrumb"},"inLanguage":"en-GB","potentialAction":[{"@type":"ReadAction","target":["https:\/\/new.kovac-metal.com\/pravila-koristenja\/"]}]},{"@type":"BreadcrumbList","@id":"https:\/\/new.kovac-metal.com\/pravila-koristenja\/#breadcrumb","itemListElement":[{"@type":"ListItem","position":1,"name":"Home","item":"https:\/\/new.kovac-metal.com\/"},{"@type":"ListItem","position":2,"name":"pravila kori\u0161tenja"}]},{"@type":"WebSite","@id":"https:\/\/new.kovac-metal.com\/#website","url":"https:\/\/new.kovac-metal.com\/","name":"Kova\u010d Metal","description":"Mi izra\u0111ujemo stvari","publisher":{"@id":"https:\/\/new.kovac-metal.com\/#organization"},"alternateName":"Strojna obrada i metalne konstrukcije","potentialAction":[{"@type":"SearchAction","target":{"@type":"EntryPoint","urlTemplate":"https:\/\/new.kovac-metal.com\/?s={search_term_string}"},"query-input":{"@type":"PropertyValueSpecification","valueRequired":true,"valueName":"search_term_string"}}],"inLanguage":"en-GB"},{"@type":"Organization","@id":"https:\/\/new.kovac-metal.com\/#organization","name":"Kova\u010d Metal","url":"https:\/\/new.kovac-metal.com\/","logo":{"@type":"ImageObject","inLanguage":"en-GB","@id":"https:\/\/new.kovac-metal.com\/#\/schema\/logo\/image\/","url":"https:\/\/new.kovac-metal.com\/wp-content\/uploads\/2024\/10\/cropped-KM-LOGO_w.png","contentUrl":"https:\/\/new.kovac-metal.com\/wp-content\/uploads\/2024\/10\/cropped-KM-LOGO_w.png","width":512,"height":512,"caption":"Kova\u010d Metal"},"image":{"@id":"https:\/\/new.kovac-metal.com\/#\/schema\/logo\/image\/"},"sameAs":["https:\/\/www.facebook.com\/KovacMetal"]}]}},"_links":{"self":[{"href":"https:\/\/new.kovac-metal.com\/en\/wp-json\/wp\/v2\/pages\/469","targetHints":{"allow":["GET"]}}],"collection":[{"href":"https:\/\/new.kovac-metal.com\/en\/wp-json\/wp\/v2\/pages"}],"about":[{"href":"https:\/\/new.kovac-metal.com\/en\/wp-json\/wp\/v2\/types\/page"}],"author":[{"embeddable":true,"href":"https:\/\/new.kovac-metal.com\/en\/wp-json\/wp\/v2\/users\/1"}],"replies":[{"embeddable":true,"href":"https:\/\/new.kovac-metal.com\/en\/wp-json\/wp\/v2\/comments?post=469"}],"version-history":[{"count":3,"href":"https:\/\/new.kovac-metal.com\/en\/wp-json\/wp\/v2\/pages\/469\/revisions"}],"predecessor-version":[{"id":499,"href":"https:\/\/new.kovac-metal.com\/en\/wp-json\/wp\/v2\/pages\/469\/revisions\/499"}],"wp:attachment":[{"href":"https:\/\/new.kovac-metal.com\/en\/wp-json\/wp\/v2\/media?parent=469"}],"curies":[{"name":"wp","href":"https:\/\/api.w.org\/{rel}","templated":true}]}}