{"id":428,"date":"2025-09-27T20:18:55","date_gmt":"2025-09-27T18:18:55","guid":{"rendered":"https:\/\/new.kovac-metal.com\/?page_id=428"},"modified":"2025-10-28T11:53:17","modified_gmt":"2025-10-28T10:53:17","slug":"karijera","status":"publish","type":"page","link":"https:\/\/new.kovac-metal.com\/en\/karijera\/","title":{"rendered":"Career"},"content":{"rendered":"<p>[et_pb_section fb_built=&#8221;1&#8243; admin_label=&#8221;Hero Section&#8221; _builder_version=&#8221;4.16&#8243; custom_padding=&#8221;0|0px|0px|0px&#8221; global_colors_info=&#8221;{}&#8221;][et_pb_row column_structure=&#8221;1_2,1_2&#8243; use_custom_gutter=&#8221;on&#8221; make_equal=&#8221;on&#8221; _builder_version=&#8221;4.27.4&#8243; width=&#8221;100%&#8221; max_width=&#8221;100%&#8221; custom_margin=&#8221;|auto|91px|auto||&#8221; custom_padding=&#8221;0px|0|0px|&#8221; use_custom_width=&#8221;on&#8221; width_unit=&#8221;off&#8221; custom_width_percent=&#8221;100%&#8221; global_colors_info=&#8221;{}&#8221;][et_pb_column type=&#8221;1_2&#8243; _builder_version=&#8221;4.16&#8243; custom_padding=&#8221;200px|4%|200px|8%&#8221; custom_padding_tablet=&#8221;60px|10%|60px|10%&#8221; custom_padding_phone=&#8221;&#8221; custom_padding_last_edited=&#8221;on|tablet&#8221; global_colors_info=&#8221;{}&#8221; padding_tablet=&#8221;60px|10%|60px|10%&#8221; padding_last_edited=&#8221;on|tablet&#8221; custom_padding__hover=&#8221;|||&#8221; padding_phone=&#8221;60px|10%|60px|10%&#8221;][et_pb_text _builder_version=&#8221;4.27.4&#8243; text_font=&#8221;Karla||||||||&#8221; text_font_size=&#8221;18px&#8221; text_line_height=&#8221;1.8em&#8221; header_font=&#8221;Cormorant Garamond||||||||&#8221; header_font_size=&#8221;56px&#8221; header_line_height=&#8221;1.4em&#8221; header_2_font=&#8221;||||||||&#8221; header_3_font=&#8221;||||||||&#8221; max_width=&#8221;600px&#8221; header_font_size_tablet=&#8221;40px&#8221; header_font_size_phone=&#8221;&#8221; header_font_size_last_edited=&#8221;on|tablet&#8221; locked=&#8221;off&#8221; global_colors_info=&#8221;{}&#8221;]<\/p>\n<h2>Postani dio na\u0161eg tima<\/h2>\n<p>&nbsp;<\/p>\n<p>U Kova\u010d Metalu vjerujemo da su ljudi temelj na\u0161eg uspjeha.<br \/>Tra\u017eimo odgovorne, motivirane i stru\u010dne pojedince koji \u017eele razvijati svoje vje\u0161tine u okru\u017eenju precizne strojne obrade i metalnih konstrukcija.<\/p>\n<p>Ako dijeli\u0161 na\u0161u predanost kvaliteti i \u017eeli\u0161 biti dio tima koji svakodnevno stvara konkretna rje\u0161enja &#8211; po\u0161alji nam svoj \u017eivotopis na <a href=\"https:\/\/new.kovac-metal.com\/en\/kontakt\/\">kontakt<\/a> stranici.<br \/>.<\/p>\n<p>Zajedno oblikujemo metal. I budu\u0107nost.<\/p>\n<p>[\/et_pb_text][\/et_pb_column][et_pb_column type=&#8221;1_2&#8243; _builder_version=&#8221;4.27.4&#8243; background_color=&#8221;#121212&#8243; use_background_color_gradient=&#8221;on&#8221; background_color_gradient_stops=&#8221;rgba(18,18,18,0.5) 0%|#121212 100%&#8221; background_color_gradient_overlays_image=&#8221;on&#8221; background_color_gradient_start=&#8221;rgba(18,18,18,0.5)&#8221; background_color_gradient_end=&#8221;#121212&#8243; background_image=&#8221;https:\/\/new.kovac-metal.com\/wp-content\/uploads\/2025\/09\/we-are-hiring-2578901_640.jpg&#8221; custom_padding=&#8221;100px||100px|&#8221; custom_padding_tablet=&#8221;60px||60px|&#8221; custom_padding_phone=&#8221;&#8221; custom_padding_last_edited=&#8221;on|desktop&#8221; global_colors_info=&#8221;{}&#8221; padding_tablet=&#8221;60px||60px|&#8221; padding_last_edited=&#8221;on|desktop&#8221; custom_padding__hover=&#8221;|||&#8221; padding_phone=&#8221;60px||60px|&#8221;][et_pb_divider show_divider=&#8221;off&#8221; _builder_version=&#8221;4.16&#8243; height=&#8221;100px&#8221; global_colors_info=&#8221;{}&#8221;][\/et_pb_divider][\/et_pb_column][\/et_pb_row][\/et_pb_section][et_pb_section fb_built=&#8221;1&#8243; admin_label=&#8221;section&#8221; _builder_version=&#8221;4.16&#8243; locked=&#8221;off&#8221; global_colors_info=&#8221;{}&#8221;][et_pb_row _builder_version=&#8221;4.27.4&#8243; _module_preset=&#8221;default&#8221; global_colors_info=&#8221;{}&#8221;][et_pb_column type=&#8221;4_4&#8243; _builder_version=&#8221;4.27.4&#8243; _module_preset=&#8221;default&#8221; global_colors_info=&#8221;{}&#8221;][et_pb_toggle title=&#8221;Koja je plata?&#8221; _builder_version=&#8221;4.27.4&#8243; _module_preset=&#8221;default&#8221; global_colors_info=&#8221;{}&#8221;]<\/p>\n<p>Your content goes here. Edit or remove this text inline or in the module Content settings. You can also style every aspect of this content in the module Design settings and even apply custom CSS to this text in the module Advanced settings.<\/p>\n<p>[\/et_pb_toggle][\/et_pb_column][\/et_pb_row][et_pb_row _builder_version=&#8221;4.27.4&#8243; _module_preset=&#8221;default&#8221; global_colors_info=&#8221;{}&#8221;][et_pb_column type=&#8221;4_4&#8243; _builder_version=&#8221;4.27.4&#8243; _module_preset=&#8221;default&#8221; global_colors_info=&#8221;{}&#8221;][et_pb_toggle title=&#8221;Pla\u0107ate nadvure?&#8221; _builder_version=&#8221;4.27.4&#8243; _module_preset=&#8221;default&#8221; global_colors_info=&#8221;{}&#8221;]<\/p>\n<p>Your content goes here. Edit or remove this text inline or in the module Content settings. You can also style every aspect of this content in the module Design settings and even apply custom CSS to this text in the module Advanced settings.<\/p>\n<p>[\/et_pb_toggle][\/et_pb_column][\/et_pb_row][et_pb_row _builder_version=&#8221;4.27.4&#8243; _module_preset=&#8221;default&#8221; global_colors_info=&#8221;{}&#8221;][et_pb_column type=&#8221;4_4&#8243; _builder_version=&#8221;4.27.4&#8243; _module_preset=&#8221;default&#8221; global_colors_info=&#8221;{}&#8221;][et_pb_toggle title=&#8221;Koliko je shit break?&#8221; _builder_version=&#8221;4.27.4&#8243; _module_preset=&#8221;default&#8221; global_colors_info=&#8221;{}&#8221;]<\/p>\n<p>Your content goes here. Edit or remove this text inline or in the module Content settings. You can also style every aspect of this content in the module Design settings and even apply custom CSS to this text in the module Advanced settings.<\/p>\n<p>[\/et_pb_toggle][\/et_pb_column][\/et_pb_row][et_pb_row _builder_version=&#8221;4.27.4&#8243; _module_preset=&#8221;default&#8221; global_colors_info=&#8221;{}&#8221;][et_pb_column type=&#8221;4_4&#8243; _builder_version=&#8221;4.27.4&#8243; _module_preset=&#8221;default&#8221; global_colors_info=&#8221;{}&#8221;][et_pb_toggle title=&#8221;Kuliko je godi\u0161njeg odmora?&#8221; _builder_version=&#8221;4.27.4&#8243; _module_preset=&#8221;default&#8221; global_colors_info=&#8221;{}&#8221;]<\/p>\n<p>Your content goes here. Edit or remove this text inline or in the module Content settings. You can also style every aspect of this content in the module Design settings and even apply custom CSS to this text in the module Advanced settings.<\/p>\n<p>[\/et_pb_toggle][\/et_pb_column][\/et_pb_row][et_pb_row _builder_version=&#8221;4.27.4&#8243; _module_preset=&#8221;default&#8221; global_colors_info=&#8221;{}&#8221;][et_pb_column type=&#8221;4_4&#8243; _builder_version=&#8221;4.27.4&#8243; _module_preset=&#8221;default&#8221; global_colors_info=&#8221;{}&#8221;][et_pb_toggle title=&#8221;Imate li drvene elektrode?&#8221; _builder_version=&#8221;4.27.4&#8243; _module_preset=&#8221;default&#8221; global_colors_info=&#8221;{}&#8221;]<\/p>\n<p>Your content goes here. Edit or remove this text inline or in the module Content settings. You can also style every aspect of this content in the module Design settings and even apply custom CSS to this text in the module Advanced settings.<\/p>\n<p>[\/et_pb_toggle][\/et_pb_column][\/et_pb_row][et_pb_row _builder_version=&#8221;4.27.4&#8243; _module_preset=&#8221;default&#8221; global_colors_info=&#8221;{}&#8221;][et_pb_column type=&#8221;4_4&#8243; _builder_version=&#8221;4.27.4&#8243; _module_preset=&#8221;default&#8221; global_colors_info=&#8221;{}&#8221;][\/et_pb_column][\/et_pb_row][\/et_pb_section][et_pb_section fb_built=&#8221;1&#8243; admin_label=&#8221;Contact&#8221; _builder_version=&#8221;4.27.4&#8243; background_color=&#8221;#1b1b1b&#8221; use_background_color_gradient=&#8221;on&#8221; background_color_gradient_stops=&#8221;#121212 0%|rgba(18,18,18,0.8) 100%&#8221; background_color_gradient_overlays_image=&#8221;on&#8221; background_color_gradient_start=&#8221;#121212&#8243; background_color_gradient_end=&#8221;rgba(18,18,18,0.8)&#8221; background_image=&#8221;https:\/\/new.kovac-metal.com\/wp-content\/uploads\/2025\/09\/we-are-hiring-2578901_640.jpg&#8221; custom_margin=&#8221;116px|||||&#8221; custom_padding=&#8221;100px|0px|240px|0px&#8221; global_colors_info=&#8221;{}&#8221;][\/et_pb_section][et_pb_section fb_built=&#8221;1&#8243; _builder_version=&#8221;4.27.4&#8243; _module_preset=&#8221;default&#8221; background_color=&#8221;#1a1a1a&#8221; min_height=&#8221;353.2px&#8221; custom_margin=&#8221;-119px|||||&#8221; custom_padding=&#8221;0px||0px|||&#8221; locked=&#8221;off&#8221; global_colors_info=&#8221;{}&#8221; theme_builder_area=&#8221;post_content&#8221;][et_pb_row column_structure=&#8221;1_3,1_3,1_3&#8243; _builder_version=&#8221;4.27.4&#8243; _module_preset=&#8221;default&#8221; min_height=&#8221;377.4px&#8221; custom_padding=&#8221;||0px|||&#8221; global_colors_info=&#8221;{}&#8221; theme_builder_area=&#8221;post_content&#8221;][et_pb_column type=&#8221;1_3&#8243; _builder_version=&#8221;4.27.4&#8243; _module_preset=&#8221;default&#8221; global_colors_info=&#8221;{}&#8221; theme_builder_area=&#8221;post_content&#8221;][et_pb_text _builder_version=&#8221;4.27.4&#8243; _module_preset=&#8221;default&#8221; global_colors_info=&#8221;{}&#8221; theme_builder_area=&#8221;post_content&#8221;]<\/p>\n<p><a href=\"https:\/\/new.kovac-metal.com\/en\/impresum\/\"><span>imprint<\/span><\/a><\/p>\n<p><a href=\"https:\/\/new.kovac-metal.com\/en\/opci-uvjeti-poslovanja\/\"><span>general terms and conditions<\/span><\/a><\/p>\n<p><a href=\"https:\/\/new.kovac-metal.com\/en\/pravila-koristenja\/\"><span>terms of use<\/span><\/a><\/p>\n<p><a href=\"https:\/\/new.kovac-metal.com\/en\/privatnost\/\"><span>privacy\u00a0<\/span><\/a><\/p>\n<p>[\/et_pb_text][\/et_pb_column][et_pb_column type=&#8221;1_3&#8243; _builder_version=&#8221;4.27.4&#8243; _module_preset=&#8221;default&#8221; global_colors_info=&#8221;{}&#8221; theme_builder_area=&#8221;post_content&#8221;][et_pb_image src=&#8221;https:\/\/new.kovac-metal.com\/wp-content\/uploads\/2025\/10\/KM_gray_500x200.png&#8221; title_text=&#8221;KM_gray_500x200&#8243; _builder_version=&#8221;4.27.4&#8243; _module_preset=&#8221;default&#8221; global_colors_info=&#8221;{}&#8221; theme_builder_area=&#8221;post_content&#8221;][\/et_pb_image][\/et_pb_column][et_pb_column type=&#8221;1_3&#8243; _builder_version=&#8221;4.27.4&#8243; _module_preset=&#8221;default&#8221; global_colors_info=&#8221;{}&#8221; theme_builder_area=&#8221;post_content&#8221;][et_pb_text _builder_version=&#8221;4.27.4&#8243; _module_preset=&#8221;default&#8221; global_colors_info=&#8221;{}&#8221; theme_builder_area=&#8221;post_content&#8221;]<\/p>\n<p style=\"text-align: right;\"><strong>Phone<br \/><\/strong>+385 (0)98 17 666 02<\/p>\n<p style=\"text-align: right;\"><strong>E-mail<br \/><\/strong>office(@)kovac-metal.com<\/p>\n<p style=\"text-align: right;\"><strong>Address:<\/strong><\/p>\n<p style=\"text-align: right;\"><strong>Blacksmith \u2013 Metal Ltd.<\/strong><br \/>Dr. Vinka \u017dganca 49<br \/>40000 Cakovec<br \/>CROATIA<\/p>\n<p>[\/et_pb_text][\/et_pb_column][\/et_pb_row][\/et_pb_section]<\/p>","protected":false},"excerpt":{"rendered":"<p>Postani dio na\u0161eg tima &nbsp; U Kova\u010d Metalu vjerujemo da su ljudi temelj na\u0161eg uspjeha.Tra\u017eimo odgovorne, motivirane i stru\u010dne pojedince koji \u017eele razvijati svoje vje\u0161tine u okru\u017eenju precizne strojne obrade i metalnih konstrukcija. Ako dijeli\u0161 na\u0161u predanost kvaliteti i \u017eeli\u0161 biti dio tima koji svakodnevno stvara konkretna rje\u0161enja &#8211; po\u0161alji nam svoj \u017eivotopis na kontakt [&hellip;]<\/p>","protected":false},"author":1,"featured_media":0,"parent":0,"menu_order":0,"comment_status":"closed","ping_status":"closed","template":"","meta":{"_et_pb_use_builder":"on","_et_pb_old_content":"","_et_gb_content_width":"","footnotes":""},"class_list":["post-428","page","type-page","status-publish","hentry"],"yoast_head":"<!-- This site is optimized with the Yoast SEO plugin v26.4 - https:\/\/yoast.com\/wordpress\/plugins\/seo\/ -->\n<title>Karijera - Kova\u010d Metal<\/title>\n<meta name=\"robots\" content=\"index, follow, max-snippet:-1, max-image-preview:large, max-video-preview:-1\" \/>\n<link rel=\"canonical\" href=\"https:\/\/new.kovac-metal.com\/en\/karijera\/\" \/>\n<meta property=\"og:locale\" content=\"en_GB\" \/>\n<meta property=\"og:type\" content=\"article\" \/>\n<meta property=\"og:title\" content=\"Karijera - Kova\u010d Metal\" \/>\n<meta property=\"og:description\" content=\"Postani dio na\u0161eg tima &nbsp; U Kova\u010d Metalu vjerujemo da su ljudi temelj na\u0161eg uspjeha.Tra\u017eimo odgovorne, motivirane i stru\u010dne pojedince koji \u017eele razvijati svoje vje\u0161tine u okru\u017eenju precizne strojne obrade i metalnih konstrukcija. Ako dijeli\u0161 na\u0161u predanost kvaliteti i \u017eeli\u0161 biti dio tima koji svakodnevno stvara konkretna rje\u0161enja - po\u0161alji nam svoj \u017eivotopis na kontakt [&hellip;]\" \/>\n<meta property=\"og:url\" content=\"https:\/\/new.kovac-metal.com\/en\/karijera\/\" \/>\n<meta property=\"og:site_name\" content=\"Kova\u010d Metal\" \/>\n<meta property=\"article:publisher\" content=\"https:\/\/www.facebook.com\/KovacMetal\" \/>\n<meta property=\"article:modified_time\" content=\"2025-10-28T10:53:17+00:00\" \/>\n<meta name=\"twitter:card\" content=\"summary_large_image\" \/>\n<script type=\"application\/ld+json\" class=\"yoast-schema-graph\">{\"@context\":\"https:\/\/schema.org\",\"@graph\":[{\"@type\":\"WebPage\",\"@id\":\"https:\/\/new.kovac-metal.com\/karijera\/\",\"url\":\"https:\/\/new.kovac-metal.com\/karijera\/\",\"name\":\"Karijera - Kova\u010d Metal\",\"isPartOf\":{\"@id\":\"https:\/\/new.kovac-metal.com\/#website\"},\"datePublished\":\"2025-09-27T18:18:55+00:00\",\"dateModified\":\"2025-10-28T10:53:17+00:00\",\"breadcrumb\":{\"@id\":\"https:\/\/new.kovac-metal.com\/karijera\/#breadcrumb\"},\"inLanguage\":\"en-GB\",\"potentialAction\":[{\"@type\":\"ReadAction\",\"target\":[\"https:\/\/new.kovac-metal.com\/karijera\/\"]}]},{\"@type\":\"BreadcrumbList\",\"@id\":\"https:\/\/new.kovac-metal.com\/karijera\/#breadcrumb\",\"itemListElement\":[{\"@type\":\"ListItem\",\"position\":1,\"name\":\"Home\",\"item\":\"https:\/\/new.kovac-metal.com\/\"},{\"@type\":\"ListItem\",\"position\":2,\"name\":\"Karijera\"}]},{\"@type\":\"WebSite\",\"@id\":\"https:\/\/new.kovac-metal.com\/#website\",\"url\":\"https:\/\/new.kovac-metal.com\/\",\"name\":\"Kova\u010d Metal\",\"description\":\"Mi izra\u0111ujemo stvari\",\"publisher\":{\"@id\":\"https:\/\/new.kovac-metal.com\/#organization\"},\"alternateName\":\"Strojna obrada i metalne konstrukcije\",\"potentialAction\":[{\"@type\":\"SearchAction\",\"target\":{\"@type\":\"EntryPoint\",\"urlTemplate\":\"https:\/\/new.kovac-metal.com\/?s={search_term_string}\"},\"query-input\":{\"@type\":\"PropertyValueSpecification\",\"valueRequired\":true,\"valueName\":\"search_term_string\"}}],\"inLanguage\":\"en-GB\"},{\"@type\":\"Organization\",\"@id\":\"https:\/\/new.kovac-metal.com\/#organization\",\"name\":\"Kova\u010d Metal\",\"url\":\"https:\/\/new.kovac-metal.com\/\",\"logo\":{\"@type\":\"ImageObject\",\"inLanguage\":\"en-GB\",\"@id\":\"https:\/\/new.kovac-metal.com\/#\/schema\/logo\/image\/\",\"url\":\"https:\/\/new.kovac-metal.com\/wp-content\/uploads\/2024\/10\/cropped-KM-LOGO_w.png\",\"contentUrl\":\"https:\/\/new.kovac-metal.com\/wp-content\/uploads\/2024\/10\/cropped-KM-LOGO_w.png\",\"width\":512,\"height\":512,\"caption\":\"Kova\u010d Metal\"},\"image\":{\"@id\":\"https:\/\/new.kovac-metal.com\/#\/schema\/logo\/image\/\"},\"sameAs\":[\"https:\/\/www.facebook.com\/KovacMetal\"]}]}<\/script>\n<!-- \/ Yoast SEO plugin. -->","yoast_head_json":{"title":"Karijera - Kova\u010d Metal","robots":{"index":"index","follow":"follow","max-snippet":"max-snippet:-1","max-image-preview":"max-image-preview:large","max-video-preview":"max-video-preview:-1"},"canonical":"https:\/\/new.kovac-metal.com\/en\/karijera\/","og_locale":"en_GB","og_type":"article","og_title":"Karijera - Kova\u010d Metal","og_description":"Postani dio na\u0161eg tima &nbsp; U Kova\u010d Metalu vjerujemo da su ljudi temelj na\u0161eg uspjeha.Tra\u017eimo odgovorne, motivirane i stru\u010dne pojedince koji \u017eele razvijati svoje vje\u0161tine u okru\u017eenju precizne strojne obrade i metalnih konstrukcija. Ako dijeli\u0161 na\u0161u predanost kvaliteti i \u017eeli\u0161 biti dio tima koji svakodnevno stvara konkretna rje\u0161enja - po\u0161alji nam svoj \u017eivotopis na kontakt [&hellip;]","og_url":"https:\/\/new.kovac-metal.com\/en\/karijera\/","og_site_name":"Kova\u010d Metal","article_publisher":"https:\/\/www.facebook.com\/KovacMetal","article_modified_time":"2025-10-28T10:53:17+00:00","twitter_card":"summary_large_image","schema":{"@context":"https:\/\/schema.org","@graph":[{"@type":"WebPage","@id":"https:\/\/new.kovac-metal.com\/karijera\/","url":"https:\/\/new.kovac-metal.com\/karijera\/","name":"Karijera - Kova\u010d Metal","isPartOf":{"@id":"https:\/\/new.kovac-metal.com\/#website"},"datePublished":"2025-09-27T18:18:55+00:00","dateModified":"2025-10-28T10:53:17+00:00","breadcrumb":{"@id":"https:\/\/new.kovac-metal.com\/karijera\/#breadcrumb"},"inLanguage":"en-GB","potentialAction":[{"@type":"ReadAction","target":["https:\/\/new.kovac-metal.com\/karijera\/"]}]},{"@type":"BreadcrumbList","@id":"https:\/\/new.kovac-metal.com\/karijera\/#breadcrumb","itemListElement":[{"@type":"ListItem","position":1,"name":"Home","item":"https:\/\/new.kovac-metal.com\/"},{"@type":"ListItem","position":2,"name":"Karijera"}]},{"@type":"WebSite","@id":"https:\/\/new.kovac-metal.com\/#website","url":"https:\/\/new.kovac-metal.com\/","name":"Kova\u010d Metal","description":"Mi izra\u0111ujemo stvari","publisher":{"@id":"https:\/\/new.kovac-metal.com\/#organization"},"alternateName":"Strojna obrada i metalne konstrukcije","potentialAction":[{"@type":"SearchAction","target":{"@type":"EntryPoint","urlTemplate":"https:\/\/new.kovac-metal.com\/?s={search_term_string}"},"query-input":{"@type":"PropertyValueSpecification","valueRequired":true,"valueName":"search_term_string"}}],"inLanguage":"en-GB"},{"@type":"Organization","@id":"https:\/\/new.kovac-metal.com\/#organization","name":"Kova\u010d Metal","url":"https:\/\/new.kovac-metal.com\/","logo":{"@type":"ImageObject","inLanguage":"en-GB","@id":"https:\/\/new.kovac-metal.com\/#\/schema\/logo\/image\/","url":"https:\/\/new.kovac-metal.com\/wp-content\/uploads\/2024\/10\/cropped-KM-LOGO_w.png","contentUrl":"https:\/\/new.kovac-metal.com\/wp-content\/uploads\/2024\/10\/cropped-KM-LOGO_w.png","width":512,"height":512,"caption":"Kova\u010d Metal"},"image":{"@id":"https:\/\/new.kovac-metal.com\/#\/schema\/logo\/image\/"},"sameAs":["https:\/\/www.facebook.com\/KovacMetal"]}]}},"_links":{"self":[{"href":"https:\/\/new.kovac-metal.com\/en\/wp-json\/wp\/v2\/pages\/428","targetHints":{"allow":["GET"]}}],"collection":[{"href":"https:\/\/new.kovac-metal.com\/en\/wp-json\/wp\/v2\/pages"}],"about":[{"href":"https:\/\/new.kovac-metal.com\/en\/wp-json\/wp\/v2\/types\/page"}],"author":[{"embeddable":true,"href":"https:\/\/new.kovac-metal.com\/en\/wp-json\/wp\/v2\/users\/1"}],"replies":[{"embeddable":true,"href":"https:\/\/new.kovac-metal.com\/en\/wp-json\/wp\/v2\/comments?post=428"}],"version-history":[{"count":4,"href":"https:\/\/new.kovac-metal.com\/en\/wp-json\/wp\/v2\/pages\/428\/revisions"}],"predecessor-version":[{"id":614,"href":"https:\/\/new.kovac-metal.com\/en\/wp-json\/wp\/v2\/pages\/428\/revisions\/614"}],"wp:attachment":[{"href":"https:\/\/new.kovac-metal.com\/en\/wp-json\/wp\/v2\/media?parent=428"}],"curies":[{"name":"wp","href":"https:\/\/api.w.org\/{rel}","templated":true}]}}