{"id":396,"date":"2025-09-27T19:03:44","date_gmt":"2025-09-27T17:03:44","guid":{"rendered":"https:\/\/new.kovac-metal.com\/?page_id=396"},"modified":"2025-10-28T12:07:25","modified_gmt":"2025-10-28T11:07:25","slug":"396-2","status":"publish","type":"page","link":"https:\/\/new.kovac-metal.com\/en\/396-2\/","title":{"rendered":"Services"},"content":{"rendered":"<p>[et_pb_section fb_built=&#8221;1&#8243; _builder_version=&#8221;4.27.4&#8243; _module_preset=&#8221;default&#8221; global_colors_info=&#8221;{}&#8221;][et_pb_row _builder_version=&#8221;4.27.4&#8243; _module_preset=&#8221;default&#8221; global_colors_info=&#8221;{}&#8221;][et_pb_column type=&#8221;4_4&#8243; _builder_version=&#8221;4.27.4&#8243; _module_preset=&#8221;default&#8221; global_colors_info=&#8221;{}&#8221;][et_pb_text _builder_version=&#8221;4.27.4&#8243; _module_preset=&#8221;default&#8221; global_colors_info=&#8221;{}&#8221;]<\/p>\n<h2 style=\"text-align: left;\">Services<\/h2>\n<p style=\"text-align: left;\">Mi proizvodimo stvari.<\/p>\n<p style=\"text-align: left;\">Na\u0161a primarna usluga je strojna obrada i strojogradnja. Specijalizirani smo u izradi manjih i srednjih dijelova koji zahtjevaju kombinaciju zavarivanja i strojne obrade. Na\u0161a domena obuhva\u0107a i izradu \u010deli\u010dnih, inox i aluminijskih konstrukcija. Vi\u0161e informacija mo\u017eete na\u0107i ispod ili u galeriji.<\/p>\n<p>[\/et_pb_text][\/et_pb_column][\/et_pb_row][\/et_pb_section][et_pb_section fb_built=&#8221;1&#8243; _builder_version=&#8221;4.27.4&#8243; _module_preset=&#8221;default&#8221; global_colors_info=&#8221;{}&#8221;][et_pb_row column_structure=&#8221;1_2,1_2&#8243; _builder_version=&#8221;4.27.4&#8243; _module_preset=&#8221;default&#8221; global_colors_info=&#8221;{}&#8221;][et_pb_column type=&#8221;1_2&#8243; _builder_version=&#8221;4.27.4&#8243; _module_preset=&#8221;default&#8221; global_colors_info=&#8221;{}&#8221;][et_pb_image src=&#8221;https:\/\/new.kovac-metal.com\/wp-content\/uploads\/2025\/09\/4.jpg&#8221; title_text=&#8221;4&#8243; _builder_version=&#8221;4.27.4&#8243; _module_preset=&#8221;default&#8221; border_radii=&#8221;on|20px|20px|20px|20px&#8221; global_colors_info=&#8221;{}&#8221;][\/et_pb_image][\/et_pb_column][et_pb_column type=&#8221;1_2&#8243; _builder_version=&#8221;4.27.4&#8243; _module_preset=&#8221;default&#8221; global_colors_info=&#8221;{}&#8221;][et_pb_text _builder_version=&#8221;4.27.4&#8243; _module_preset=&#8221;default&#8221; global_colors_info=&#8221;{}&#8221;]<\/p>\n<h2>Machining<\/h2>\n<ul class=\"wp-block-list\">\n<li>turning (classic \/ CNC)<\/li>\n<li>milling (classic \/ CNC)<\/li>\n<li>cutting, sawing<\/li>\n<li>drilling<\/li>\n<li>circular grinding \/ longitudinal grinding<\/li>\n<li>thread cutting \/ thread rolling<\/li>\n<\/ul>\n<p>[\/et_pb_text][\/et_pb_column][\/et_pb_row][\/et_pb_section][et_pb_section fb_built=&#8221;1&#8243; _builder_version=&#8221;4.27.4&#8243; _module_preset=&#8221;default&#8221; global_colors_info=&#8221;{}&#8221;][et_pb_row column_structure=&#8221;1_2,1_2&#8243; _builder_version=&#8221;4.27.4&#8243; _module_preset=&#8221;default&#8221; global_colors_info=&#8221;{}&#8221;][et_pb_column type=&#8221;1_2&#8243; _builder_version=&#8221;4.27.4&#8243; _module_preset=&#8221;default&#8221; global_colors_info=&#8221;{}&#8221;][et_pb_text _builder_version=&#8221;4.27.4&#8243; _module_preset=&#8221;default&#8221; global_colors_info=&#8221;{}&#8221;]<\/p>\n<h2 class=\"wp-block-heading\">Welding<\/h2>\n<p>Our facility is certified by T\u00dcV-Nord for welding work according to the standard<br \/>ISO 3834-2 i HR EN 15085-2.<\/p>\n<p>With the help of our certified welders and supervision, we offer the manufacture and repair of demanding welding assemblies using MIG\/MAG and TIG welding procedures.<\/p>\n<ul class=\"wp-block-list\"><\/ul>\n<p>[\/et_pb_text][\/et_pb_column][et_pb_column type=&#8221;1_2&#8243; _builder_version=&#8221;4.27.4&#8243; _module_preset=&#8221;default&#8221; global_colors_info=&#8221;{}&#8221;][et_pb_image src=&#8221;https:\/\/new.kovac-metal.com\/wp-content\/uploads\/2025\/09\/DSC_6330.jpg&#8221; title_text=&#8221;DSC_6330&#8243; _builder_version=&#8221;4.27.4&#8243; _module_preset=&#8221;default&#8221; border_radii=&#8221;on|20px|20px|20px|20px&#8221; global_colors_info=&#8221;{}&#8221;][\/et_pb_image][\/et_pb_column][\/et_pb_row][\/et_pb_section][et_pb_section fb_built=&#8221;1&#8243; _builder_version=&#8221;4.27.4&#8243; _module_preset=&#8221;default&#8221; global_colors_info=&#8221;{}&#8221;][et_pb_row column_structure=&#8221;1_2,1_2&#8243; _builder_version=&#8221;4.27.4&#8243; _module_preset=&#8221;default&#8221; global_colors_info=&#8221;{}&#8221;][et_pb_column type=&#8221;1_2&#8243; _builder_version=&#8221;4.27.4&#8243; _module_preset=&#8221;default&#8221; global_colors_info=&#8221;{}&#8221;][et_pb_image src=&#8221;https:\/\/new.kovac-metal.com\/wp-content\/uploads\/2024\/10\/KM-limovi_1.jpg&#8221; title_text=&#8221;KM-limovi_1&#8243; _builder_version=&#8221;4.27.4&#8243; _module_preset=&#8221;default&#8221; border_radii=&#8221;on|20px|20px|20px|20px&#8221; global_colors_info=&#8221;{}&#8221;][\/et_pb_image][\/et_pb_column][et_pb_column type=&#8221;1_2&#8243; _builder_version=&#8221;4.27.4&#8243; _module_preset=&#8221;default&#8221; global_colors_info=&#8221;{}&#8221;][et_pb_text _builder_version=&#8221;4.27.4&#8243; _module_preset=&#8221;default&#8221; global_colors_info=&#8221;{}&#8221;]<\/p>\n<h2 class=\"wp-block-heading\">Sheet Metal Processing<\/h2>\n<p>Our facility is certified by T\u00dcV-Nord for welding work according to the standard<br \/>ISO 3834-2 i HR EN 15085-2.<\/p>\n<p>With the help of our certified welders and supervision, we offer the manufacture and repair of demanding welding assemblies using MIG\/MAG and TIG welding procedures.<\/p>\n<ul class=\"wp-block-list\"><\/ul>\n<p>[\/et_pb_text][\/et_pb_column][\/et_pb_row][\/et_pb_section][et_pb_section fb_built=&#8221;1&#8243; _builder_version=&#8221;4.27.4&#8243; _module_preset=&#8221;default&#8221; global_colors_info=&#8221;{}&#8221;][et_pb_row column_structure=&#8221;1_2,1_2&#8243; _builder_version=&#8221;4.27.4&#8243; _module_preset=&#8221;default&#8221; global_colors_info=&#8221;{}&#8221;][et_pb_column type=&#8221;1_2&#8243; _builder_version=&#8221;4.27.4&#8243; _module_preset=&#8221;default&#8221; global_colors_info=&#8221;{}&#8221;][et_pb_text _builder_version=&#8221;4.27.4&#8243; _module_preset=&#8221;default&#8221; global_colors_info=&#8221;{}&#8221;]<\/p>\n<h2 class=\"wp-block-heading\">Profile and Tube Processing<\/h2>\n<ul class=\"wp-block-list\">\n<li>bending pipes on a mandrel<\/li>\n<li>bending of profiles and pipes on 3 rollers (rolling)<\/li>\n<li>hot bending<\/li>\n<\/ul>\n<ul class=\"wp-block-list\"><\/ul>\n<p>[\/et_pb_text][\/et_pb_column][et_pb_column type=&#8221;1_2&#8243; _builder_version=&#8221;4.27.4&#8243; _module_preset=&#8221;default&#8221; global_colors_info=&#8221;{}&#8221;][et_pb_image src=&#8221;https:\/\/new.kovac-metal.com\/wp-content\/uploads\/2025\/10\/DSC_0413.jpg&#8221; title_text=&#8221;DSC_0413&#8243; _builder_version=&#8221;4.27.4&#8243; _module_preset=&#8221;default&#8221; border_radii=&#8221;on|20px|20px|20px|20px&#8221; global_colors_info=&#8221;{}&#8221;][\/et_pb_image][\/et_pb_column][\/et_pb_row][\/et_pb_section][et_pb_section fb_built=&#8221;1&#8243; _builder_version=&#8221;4.27.4&#8243; _module_preset=&#8221;default&#8221; global_colors_info=&#8221;{}&#8221;][et_pb_row column_structure=&#8221;1_2,1_2&#8243; _builder_version=&#8221;4.27.4&#8243; _module_preset=&#8221;default&#8221; global_colors_info=&#8221;{}&#8221;][et_pb_column type=&#8221;1_2&#8243; _builder_version=&#8221;4.27.4&#8243; _module_preset=&#8221;default&#8221; global_colors_info=&#8221;{}&#8221;][et_pb_image src=&#8221;https:\/\/new.kovac-metal.com\/wp-content\/uploads\/2024\/10\/KM-poliranje_1.jpg&#8221; title_text=&#8221;KM-poliranje_1&#8243; _builder_version=&#8221;4.27.4&#8243; _module_preset=&#8221;default&#8221; border_radii=&#8221;on|20px|20px|20px|20px&#8221; global_colors_info=&#8221;{}&#8221;][\/et_pb_image][\/et_pb_column][et_pb_column type=&#8221;1_2&#8243; _builder_version=&#8221;4.27.4&#8243; _module_preset=&#8221;default&#8221; global_colors_info=&#8221;{}&#8221;][et_pb_text _builder_version=&#8221;4.27.4&#8243; _module_preset=&#8221;default&#8221; global_colors_info=&#8221;{}&#8221;]<\/p>\n<h2 class=\"wp-block-heading\">Grinding and Polishing<\/h2>\n<p>Nudimo strojno bru\u0161enje i poliranje profila i cijevi od inox \u010delika i mjedi (mesinga).<\/p>\n<ul class=\"wp-block-list\">\n<li>round pipes up to 200 mm diameter<\/li>\n<li>flat profiles up to 120 mm wide<\/li>\n<li>rectangular pipes up to 100 mm wide<\/li>\n<\/ul>\n<ul class=\"wp-block-list\"><\/ul>\n<ul class=\"wp-block-list\"><\/ul>\n<p>[\/et_pb_text][\/et_pb_column][\/et_pb_row][\/et_pb_section][et_pb_section fb_built=&#8221;1&#8243; _builder_version=&#8221;4.27.4&#8243; _module_preset=&#8221;default&#8221; global_colors_info=&#8221;{}&#8221;][et_pb_row column_structure=&#8221;1_2,1_2&#8243; _builder_version=&#8221;4.27.4&#8243; _module_preset=&#8221;default&#8221; global_colors_info=&#8221;{}&#8221;][et_pb_column type=&#8221;1_2&#8243; _builder_version=&#8221;4.27.4&#8243; _module_preset=&#8221;default&#8221; global_colors_info=&#8221;{}&#8221;][et_pb_text _builder_version=&#8221;4.27.4&#8243; _module_preset=&#8221;default&#8221; global_colors_info=&#8221;{}&#8221;]<\/p>\n<h2 class=\"wp-block-heading\">Forming of smaller parts<\/h2>\n<ul class=\"wp-block-list\">\n<li>minting<\/li>\n<li>breaking through<\/li>\n<li>hot bending<\/li>\n<li>cold bending<\/li>\n<li>riveting<\/li>\n<\/ul>\n<ul class=\"wp-block-list\"><\/ul>\n<ul class=\"wp-block-list\"><\/ul>\n<ul class=\"wp-block-list\"><\/ul>\n<p>[\/et_pb_text][\/et_pb_column][et_pb_column type=&#8221;1_2&#8243; _builder_version=&#8221;4.27.4&#8243; _module_preset=&#8221;default&#8221; global_colors_info=&#8221;{}&#8221;][et_pb_image src=&#8221;https:\/\/new.kovac-metal.com\/wp-content\/uploads\/2024\/10\/KM-preoblikovanje_1.jpg&#8221; title_text=&#8221;KM-preoblikovanje_1&#8243; _builder_version=&#8221;4.27.4&#8243; _module_preset=&#8221;default&#8221; border_radii=&#8221;on|20px|20px|20px|20px&#8221; global_colors_info=&#8221;{}&#8221;][\/et_pb_image][\/et_pb_column][\/et_pb_row][\/et_pb_section][et_pb_section fb_built=&#8221;1&#8243; admin_label=&#8221;Hero Section&#8221; _builder_version=&#8221;4.16&#8243; custom_padding=&#8221;0|0px|0px|0px&#8221; global_colors_info=&#8221;{}&#8221;][\/et_pb_section][et_pb_section fb_built=&#8221;1&#8243; admin_label=&#8221;Contact&#8221; _builder_version=&#8221;4.27.4&#8243; background_color=&#8221;#1b1b1b&#8221; use_background_color_gradient=&#8221;on&#8221; background_color_gradient_stops=&#8221;#121212 0%|rgba(18,18,18,0.8) 100%&#8221; background_color_gradient_overlays_image=&#8221;on&#8221; background_color_gradient_start=&#8221;#121212&#8243; background_color_gradient_end=&#8221;rgba(18,18,18,0.8)&#8221; background_image=&#8221;https:\/\/new.kovac-metal.com\/wp-content\/uploads\/2024\/10\/architect-firm-02_web_4.jpg&#8221; custom_margin=&#8221;116px|||||&#8221; custom_padding=&#8221;100px|0px|240px|0px&#8221; global_colors_info=&#8221;{}&#8221;][\/et_pb_section][et_pb_section fb_built=&#8221;1&#8243; _builder_version=&#8221;4.27.4&#8243; _module_preset=&#8221;default&#8221; background_color=&#8221;#1a1a1a&#8221; min_height=&#8221;353.2px&#8221; custom_margin=&#8221;-119px|||||&#8221; custom_padding=&#8221;0px||0px|||&#8221; locked=&#8221;off&#8221; global_colors_info=&#8221;{}&#8221; theme_builder_area=&#8221;post_content&#8221;][et_pb_row column_structure=&#8221;1_3,1_3,1_3&#8243; _builder_version=&#8221;4.27.4&#8243; _module_preset=&#8221;default&#8221; min_height=&#8221;377.4px&#8221; custom_padding=&#8221;||0px|||&#8221; global_colors_info=&#8221;{}&#8221; theme_builder_area=&#8221;post_content&#8221;][et_pb_column type=&#8221;1_3&#8243; _builder_version=&#8221;4.27.4&#8243; _module_preset=&#8221;default&#8221; global_colors_info=&#8221;{}&#8221; theme_builder_area=&#8221;post_content&#8221;][et_pb_text _builder_version=&#8221;4.27.4&#8243; _module_preset=&#8221;default&#8221; global_colors_info=&#8221;{}&#8221; theme_builder_area=&#8221;post_content&#8221;]<\/p>\n<p><a href=\"https:\/\/new.kovac-metal.com\/en\/impresum\/\"><span>imprint<\/span><\/a><\/p>\n<p><a href=\"https:\/\/new.kovac-metal.com\/en\/opci-uvjeti-poslovanja\/\"><span>general terms and conditions<\/span><\/a><\/p>\n<p><a href=\"https:\/\/new.kovac-metal.com\/en\/pravila-koristenja\/\"><span>terms of use<\/span><\/a><\/p>\n<p><a href=\"https:\/\/new.kovac-metal.com\/en\/privatnost\/\"><span>privacy\u00a0<\/span><\/a><\/p>\n<p>[\/et_pb_text][\/et_pb_column][et_pb_column type=&#8221;1_3&#8243; _builder_version=&#8221;4.27.4&#8243; _module_preset=&#8221;default&#8221; global_colors_info=&#8221;{}&#8221; theme_builder_area=&#8221;post_content&#8221;][et_pb_image src=&#8221;https:\/\/new.kovac-metal.com\/wp-content\/uploads\/2025\/10\/KM_gray_500x200.png&#8221; title_text=&#8221;KM_gray_500x200&#8243; _builder_version=&#8221;4.27.4&#8243; _module_preset=&#8221;default&#8221; global_colors_info=&#8221;{}&#8221; theme_builder_area=&#8221;post_content&#8221;][\/et_pb_image][\/et_pb_column][et_pb_column type=&#8221;1_3&#8243; _builder_version=&#8221;4.27.4&#8243; _module_preset=&#8221;default&#8221; global_colors_info=&#8221;{}&#8221; theme_builder_area=&#8221;post_content&#8221;][et_pb_text _builder_version=&#8221;4.27.4&#8243; _module_preset=&#8221;default&#8221; global_colors_info=&#8221;{}&#8221; theme_builder_area=&#8221;post_content&#8221;]<\/p>\n<p style=\"text-align: right;\"><strong>Phone<br \/><\/strong>+385 (0)98 17 666 02<\/p>\n<p style=\"text-align: right;\"><strong>E-mail<br \/><\/strong>office(@)kovac-metal.com<\/p>\n<p style=\"text-align: right;\"><strong>Address:<\/strong><\/p>\n<p style=\"text-align: right;\"><strong>Blacksmith \u2013 Metal Ltd.<\/strong><br \/>Dr. Vinka \u017dganca 49<br \/>40000 Cakovec<br \/>CROATIA<\/p>\n<p>[\/et_pb_text][\/et_pb_column][\/et_pb_row][\/et_pb_section]<\/p>","protected":false},"excerpt":{"rendered":"<p>Usluge Mi proizvodimo stvari. Na\u0161a primarna usluga je strojna obrada i strojogradnja. Specijalizirani smo u izradi manjih i srednjih dijelova koji zahtjevaju kombinaciju zavarivanja i strojne obrade. Na\u0161a domena obuhva\u0107a i izradu \u010deli\u010dnih, inox i aluminijskih konstrukcija. Vi\u0161e informacija mo\u017eete na\u0107i ispod ili u galeriji.Strojna obrada tokarenje (klasi\u010dno \/ CNC) glodanje (klasi\u010dno \/ CNC) rezanje, [&hellip;]<\/p>","protected":false},"author":1,"featured_media":0,"parent":0,"menu_order":0,"comment_status":"closed","ping_status":"closed","template":"","meta":{"_et_pb_use_builder":"on","_et_pb_old_content":"","_et_gb_content_width":"","footnotes":""},"class_list":["post-396","page","type-page","status-publish","hentry"],"yoast_head":"<!-- This site is optimized with the Yoast SEO plugin v26.4 - https:\/\/yoast.com\/wordpress\/plugins\/seo\/ -->\n<title>Usluge - Kova\u010d Metal<\/title>\n<meta name=\"robots\" content=\"index, follow, max-snippet:-1, max-image-preview:large, max-video-preview:-1\" \/>\n<link rel=\"canonical\" href=\"https:\/\/new.kovac-metal.com\/en\/396-2\/\" \/>\n<meta property=\"og:locale\" content=\"en_GB\" \/>\n<meta property=\"og:type\" content=\"article\" \/>\n<meta property=\"og:title\" content=\"Usluge - Kova\u010d Metal\" \/>\n<meta property=\"og:description\" content=\"Usluge Mi proizvodimo stvari. Na\u0161a primarna usluga je strojna obrada i strojogradnja. Specijalizirani smo u izradi manjih i srednjih dijelova koji zahtjevaju kombinaciju zavarivanja i strojne obrade. Na\u0161a domena obuhva\u0107a i izradu \u010deli\u010dnih, inox i aluminijskih konstrukcija. Vi\u0161e informacija mo\u017eete na\u0107i ispod ili u galeriji.Strojna obrada tokarenje (klasi\u010dno \/ CNC) glodanje (klasi\u010dno \/ CNC) rezanje, [&hellip;]\" \/>\n<meta property=\"og:url\" content=\"https:\/\/new.kovac-metal.com\/en\/396-2\/\" \/>\n<meta property=\"og:site_name\" content=\"Kova\u010d Metal\" \/>\n<meta property=\"article:publisher\" content=\"https:\/\/www.facebook.com\/KovacMetal\" \/>\n<meta property=\"article:modified_time\" content=\"2025-10-28T11:07:25+00:00\" \/>\n<meta name=\"twitter:card\" content=\"summary_large_image\" \/>\n<script type=\"application\/ld+json\" class=\"yoast-schema-graph\">{\"@context\":\"https:\/\/schema.org\",\"@graph\":[{\"@type\":\"WebPage\",\"@id\":\"https:\/\/new.kovac-metal.com\/396-2\/\",\"url\":\"https:\/\/new.kovac-metal.com\/396-2\/\",\"name\":\"Usluge - Kova\u010d Metal\",\"isPartOf\":{\"@id\":\"https:\/\/new.kovac-metal.com\/#website\"},\"datePublished\":\"2025-09-27T17:03:44+00:00\",\"dateModified\":\"2025-10-28T11:07:25+00:00\",\"breadcrumb\":{\"@id\":\"https:\/\/new.kovac-metal.com\/396-2\/#breadcrumb\"},\"inLanguage\":\"en-GB\",\"potentialAction\":[{\"@type\":\"ReadAction\",\"target\":[\"https:\/\/new.kovac-metal.com\/396-2\/\"]}]},{\"@type\":\"BreadcrumbList\",\"@id\":\"https:\/\/new.kovac-metal.com\/396-2\/#breadcrumb\",\"itemListElement\":[{\"@type\":\"ListItem\",\"position\":1,\"name\":\"Home\",\"item\":\"https:\/\/new.kovac-metal.com\/\"},{\"@type\":\"ListItem\",\"position\":2,\"name\":\"Usluge\"}]},{\"@type\":\"WebSite\",\"@id\":\"https:\/\/new.kovac-metal.com\/#website\",\"url\":\"https:\/\/new.kovac-metal.com\/\",\"name\":\"Kova\u010d Metal\",\"description\":\"Mi izra\u0111ujemo stvari\",\"publisher\":{\"@id\":\"https:\/\/new.kovac-metal.com\/#organization\"},\"alternateName\":\"Strojna obrada i metalne konstrukcije\",\"potentialAction\":[{\"@type\":\"SearchAction\",\"target\":{\"@type\":\"EntryPoint\",\"urlTemplate\":\"https:\/\/new.kovac-metal.com\/?s={search_term_string}\"},\"query-input\":{\"@type\":\"PropertyValueSpecification\",\"valueRequired\":true,\"valueName\":\"search_term_string\"}}],\"inLanguage\":\"en-GB\"},{\"@type\":\"Organization\",\"@id\":\"https:\/\/new.kovac-metal.com\/#organization\",\"name\":\"Kova\u010d Metal\",\"url\":\"https:\/\/new.kovac-metal.com\/\",\"logo\":{\"@type\":\"ImageObject\",\"inLanguage\":\"en-GB\",\"@id\":\"https:\/\/new.kovac-metal.com\/#\/schema\/logo\/image\/\",\"url\":\"https:\/\/new.kovac-metal.com\/wp-content\/uploads\/2024\/10\/cropped-KM-LOGO_w.png\",\"contentUrl\":\"https:\/\/new.kovac-metal.com\/wp-content\/uploads\/2024\/10\/cropped-KM-LOGO_w.png\",\"width\":512,\"height\":512,\"caption\":\"Kova\u010d Metal\"},\"image\":{\"@id\":\"https:\/\/new.kovac-metal.com\/#\/schema\/logo\/image\/\"},\"sameAs\":[\"https:\/\/www.facebook.com\/KovacMetal\"]}]}<\/script>\n<!-- \/ Yoast SEO plugin. -->","yoast_head_json":{"title":"Usluge - Kova\u010d Metal","robots":{"index":"index","follow":"follow","max-snippet":"max-snippet:-1","max-image-preview":"max-image-preview:large","max-video-preview":"max-video-preview:-1"},"canonical":"https:\/\/new.kovac-metal.com\/en\/396-2\/","og_locale":"en_GB","og_type":"article","og_title":"Usluge - Kova\u010d Metal","og_description":"Usluge Mi proizvodimo stvari. Na\u0161a primarna usluga je strojna obrada i strojogradnja. Specijalizirani smo u izradi manjih i srednjih dijelova koji zahtjevaju kombinaciju zavarivanja i strojne obrade. Na\u0161a domena obuhva\u0107a i izradu \u010deli\u010dnih, inox i aluminijskih konstrukcija. Vi\u0161e informacija mo\u017eete na\u0107i ispod ili u galeriji.Strojna obrada tokarenje (klasi\u010dno \/ CNC) glodanje (klasi\u010dno \/ CNC) rezanje, [&hellip;]","og_url":"https:\/\/new.kovac-metal.com\/en\/396-2\/","og_site_name":"Kova\u010d Metal","article_publisher":"https:\/\/www.facebook.com\/KovacMetal","article_modified_time":"2025-10-28T11:07:25+00:00","twitter_card":"summary_large_image","schema":{"@context":"https:\/\/schema.org","@graph":[{"@type":"WebPage","@id":"https:\/\/new.kovac-metal.com\/396-2\/","url":"https:\/\/new.kovac-metal.com\/396-2\/","name":"Usluge - Kova\u010d Metal","isPartOf":{"@id":"https:\/\/new.kovac-metal.com\/#website"},"datePublished":"2025-09-27T17:03:44+00:00","dateModified":"2025-10-28T11:07:25+00:00","breadcrumb":{"@id":"https:\/\/new.kovac-metal.com\/396-2\/#breadcrumb"},"inLanguage":"en-GB","potentialAction":[{"@type":"ReadAction","target":["https:\/\/new.kovac-metal.com\/396-2\/"]}]},{"@type":"BreadcrumbList","@id":"https:\/\/new.kovac-metal.com\/396-2\/#breadcrumb","itemListElement":[{"@type":"ListItem","position":1,"name":"Home","item":"https:\/\/new.kovac-metal.com\/"},{"@type":"ListItem","position":2,"name":"Usluge"}]},{"@type":"WebSite","@id":"https:\/\/new.kovac-metal.com\/#website","url":"https:\/\/new.kovac-metal.com\/","name":"Kova\u010d Metal","description":"Mi izra\u0111ujemo stvari","publisher":{"@id":"https:\/\/new.kovac-metal.com\/#organization"},"alternateName":"Strojna obrada i metalne konstrukcije","potentialAction":[{"@type":"SearchAction","target":{"@type":"EntryPoint","urlTemplate":"https:\/\/new.kovac-metal.com\/?s={search_term_string}"},"query-input":{"@type":"PropertyValueSpecification","valueRequired":true,"valueName":"search_term_string"}}],"inLanguage":"en-GB"},{"@type":"Organization","@id":"https:\/\/new.kovac-metal.com\/#organization","name":"Kova\u010d Metal","url":"https:\/\/new.kovac-metal.com\/","logo":{"@type":"ImageObject","inLanguage":"en-GB","@id":"https:\/\/new.kovac-metal.com\/#\/schema\/logo\/image\/","url":"https:\/\/new.kovac-metal.com\/wp-content\/uploads\/2024\/10\/cropped-KM-LOGO_w.png","contentUrl":"https:\/\/new.kovac-metal.com\/wp-content\/uploads\/2024\/10\/cropped-KM-LOGO_w.png","width":512,"height":512,"caption":"Kova\u010d Metal"},"image":{"@id":"https:\/\/new.kovac-metal.com\/#\/schema\/logo\/image\/"},"sameAs":["https:\/\/www.facebook.com\/KovacMetal"]}]}},"_links":{"self":[{"href":"https:\/\/new.kovac-metal.com\/en\/wp-json\/wp\/v2\/pages\/396","targetHints":{"allow":["GET"]}}],"collection":[{"href":"https:\/\/new.kovac-metal.com\/en\/wp-json\/wp\/v2\/pages"}],"about":[{"href":"https:\/\/new.kovac-metal.com\/en\/wp-json\/wp\/v2\/types\/page"}],"author":[{"embeddable":true,"href":"https:\/\/new.kovac-metal.com\/en\/wp-json\/wp\/v2\/users\/1"}],"replies":[{"embeddable":true,"href":"https:\/\/new.kovac-metal.com\/en\/wp-json\/wp\/v2\/comments?post=396"}],"version-history":[{"count":13,"href":"https:\/\/new.kovac-metal.com\/en\/wp-json\/wp\/v2\/pages\/396\/revisions"}],"predecessor-version":[{"id":618,"href":"https:\/\/new.kovac-metal.com\/en\/wp-json\/wp\/v2\/pages\/396\/revisions\/618"}],"wp:attachment":[{"href":"https:\/\/new.kovac-metal.com\/en\/wp-json\/wp\/v2\/media?parent=396"}],"curies":[{"name":"wp","href":"https:\/\/api.w.org\/{rel}","templated":true}]}}