{"id":332,"date":"2025-09-26T17:34:41","date_gmt":"2025-09-26T15:34:41","guid":{"rendered":"https:\/\/new.kovac-metal.com\/?page_id=332"},"modified":"2025-11-04T09:54:42","modified_gmt":"2025-11-04T08:54:42","slug":"kontakt","status":"publish","type":"page","link":"https:\/\/new.kovac-metal.com\/en\/kontakt\/","title":{"rendered":"Contact"},"content":{"rendered":"<p>[et_pb_section fb_built=&#8221;1&#8243; admin_label=&#8221;Welcome &#038; About Us&#8221; module_id=&#8221;O nama&#8221; _builder_version=&#8221;4.27.4&#8243; background_color=&#8221;#FFFFFF&#8221; use_background_color_gradient=&#8221;on&#8221; background_color_gradient_stops=&#8221;#ffffff 0%|rgba(18,18,18,0.6) 100%&#8221; background_color_gradient_overlays_image=&#8221;on&#8221; background_color_gradient_start=&#8221;#121212&#8243; background_color_gradient_start_position=&#8221;20%&#8221; background_color_gradient_end=&#8221;rgba(18,18,18,0.6)&#8221; background_enable_image=&#8221;off&#8221; custom_padding=&#8221;0%|0px|20%|0px||&#8221; locked=&#8221;off&#8221; global_colors_info=&#8221;{}&#8221;][et_pb_row _builder_version=&#8221;4.16&#8243; custom_margin=&#8221;|||&#8221; custom_padding=&#8221;142px||142px||true|&#8221; animation_style=&#8221;fade&#8221; global_colors_info=&#8221;{}&#8221;][et_pb_column type=&#8221;4_4&#8243; _builder_version=&#8221;4.16&#8243; custom_padding=&#8221;|||&#8221; global_colors_info=&#8221;{}&#8221; custom_padding__hover=&#8221;|||&#8221;][et_pb_text _builder_version=&#8221;4.27.4&#8243; text_font=&#8221;||||||||&#8221; header_font=&#8221;||||||||&#8221; header_3_font=&#8221;Karla|700||on|||||&#8221; header_3_text_color=&#8221;#c2ab92&#8243; header_3_font_size=&#8221;16px&#8221; header_3_letter_spacing=&#8221;1px&#8221; text_orientation=&#8221;center&#8221; background_layout=&#8221;dark&#8221; module_alignment=&#8221;left&#8221; custom_margin=&#8221;||20px|&#8221; hover_enabled=&#8221;0&#8243; locked=&#8221;off&#8221; global_colors_info=&#8221;{}&#8221; sticky_enabled=&#8221;0&#8243;]<\/p>\n<h1 style=\"text-align: left;\"><span style=\"color: #000000;\">About us<\/span><\/h1>\n<p>[\/et_pb_text][et_pb_text _builder_version=&#8221;4.27.4&#8243; hover_enabled=&#8221;0&#8243; inline_fonts=&#8221;Montserrat&#8221; global_colors_info=&#8221;{}&#8221; text_font=&#8221;&#8211;et_global_body_font||||||||&#8221; text_font_size=&#8221;16px&#8221; sticky_enabled=&#8221;0&#8243; custom_margin=&#8221;53px|||||&#8221;]<\/p>\n<p style=\"text-align: justify;\"><strong><span>Kova\u010d - Metal Ltd.<\/span><\/strong><span> . is a metalworking company with 35 years of experience in machine building, the production of steel structures, mechanical components, and railway parts. <\/span><\/p>\n<p style=\"text-align: justify;\">We offer the development and realization of your ideas or projects that require welding, machining, sheet and tube processing, as well as metalworking and assembly services.<\/p>\n<p style=\"text-align: justify;\"><span>Our machine park consists of various types of machine tools and production processes, while our production team is made up of multiple specialists, which allows us flexibility in manufacturing and the production of a wide range of products.\nThe plant is certified according to welding standards <strong>HRN EN 15085-2:2020 and HRN EN ISO 3834-2:2021.<\/strong><\/span><\/p>\n<p style=\"text-align: justify;\"><span><br \/>For 35 years, we have been manufacturing a wide variety of products made of steel, stainless steel (inox), aluminium, and brass. Our product portfolio is remarkably diverse and goes beyond a single category, but is united by uncompromising quality.<br \/>Our quality is recognized abroad \u2014 90% of our products are exported to Austria and Germany (DACH region).<\/span><\/p>\n<p style=\"text-align: justify;\">In our business, we maintain a straightforward approach \u2014 clear agreements and fast execution. We place great emphasis on quick and accurate deliveries. Agreed deadlines are strictly respected.<\/p>\n<p style=\"text-align: justify;\">[\/et_pb_text][\/et_pb_column][\/et_pb_row][et_pb_row column_structure=&#8221;1_2,1_2&#8243; make_equal=&#8221;on&#8221; module_id=&#8221;Kontakt&#8221; _builder_version=&#8221;4.27.2&#8243; width=&#8221;100%&#8221; max_width=&#8221;100%&#8221; custom_padding=&#8221;3px|0|0px|||&#8221; use_custom_width=&#8221;on&#8221; width_unit=&#8221;off&#8221; custom_width_percent=&#8221;100%&#8221; locked=&#8221;off&#8221; global_colors_info=&#8221;{}&#8221;][et_pb_column type=&#8221;1_2&#8243; _builder_version=&#8221;4.27.4&#8243; background_color=&#8221;rgba(255,255,255,0.43)&#8221; custom_padding=&#8221;200px|8%|260px|8%&#8221; custom_padding_tablet=&#8221;80px|10%|80px|10%&#8221; custom_padding_phone=&#8221;80px|10%|80px|10%&#8221; custom_padding_last_edited=&#8221;on|tablet&#8221; global_colors_info=&#8221;{}&#8221; padding_tablet=&#8221;80px|10%|80px|10%&#8221; padding_last_edited=&#8221;on|tablet&#8221; custom_padding__hover=&#8221;|||&#8221; padding_phone=&#8221;80px|10%|80px|10%&#8221;][et_pb_text _builder_version=&#8221;4.27.4&#8243; text_font=&#8221;&#8211;et_global_heading_font|300|||||||&#8221; text_text_color=&#8221;rgba(255,255,255,0.7)&#8221; text_font_size=&#8221;18px&#8221; text_line_height=&#8221;1.8em&#8221; header_font=&#8221;&#8211;et_global_heading_font||||||||&#8221; header_font_size=&#8221;26px&#8221; header_2_font=&#8221;&#8211;et_global_heading_font||||||||&#8221; header_2_font_size=&#8221;40px&#8221; header_2_line_height=&#8221;1.4em&#8221; header_3_font=&#8221;||||||||&#8221; background_layout=&#8221;dark&#8221; max_width=&#8221;600px&#8221; custom_padding=&#8221;|0px|0px|||&#8221; locked=&#8221;off&#8221; global_colors_info=&#8221;{}&#8221;]<\/p>\n<h2><span><span style=\"color: #000000;\">Let&#039;s create something together.<\/span><\/span><\/h2>\n<p><span style=\"color: rgba(0, 0, 0, 0.7);\"><span style=\"font-size: 18px; font-family: var(--et_global_heading_font),serif;\">Contact us via email or give us a call \u2013 we are at your service.<\/span><\/span><\/p>\n<p>[\/et_pb_text][et_pb_code _builder_version=&#8221;4.27.4&#8243; _module_preset=&#8221;default&#8221; global_colors_info=&#8221;{}&#8221;]<\/p>\n<div class=\"wpcf7-no-ajax divi-two-column-form\"><!-- [et_pb_line_break_holder] -->    \n<div class=\"wpcf7 no-js\" id=\"wpcf7-f534-o1\" lang=\"en-US\" dir=\"ltr\" data-wpcf7-id=\"534\">\n<div class=\"screen-reader-response\"><p role=\"status\" aria-live=\"polite\" aria-atomic=\"true\"><\/p> <ul><\/ul><\/div>\n<form action=\"\/en\/wp-json\/wp\/v2\/pages\/332#wpcf7-f534-o1\" method=\"post\" class=\"wpcf7-form init\" aria-label=\"Contact form\" enctype=\"multipart\/form-data\" novalidate=\"novalidate\" data-status=\"init\" data-trp-original-action=\"\/en\/wp-json\/wp\/v2\/pages\/332#wpcf7-f534-o1\">\n<fieldset class=\"hidden-fields-container\"><input type=\"hidden\" name=\"_wpcf7\" value=\"534\" \/><input type=\"hidden\" name=\"_wpcf7_version\" value=\"6.1.3\" \/><input type=\"hidden\" name=\"_wpcf7_locale\" value=\"en_US\" \/><input type=\"hidden\" name=\"_wpcf7_unit_tag\" value=\"wpcf7-f534-o1\" \/><input type=\"hidden\" name=\"_wpcf7_container_post\" value=\"0\" \/><input type=\"hidden\" name=\"_wpcf7_posted_data_hash\" value=\"\" \/>\n<\/fieldset>\n<div class=\"divi-two-column-form\"><!-- LIJEVI STUPAC (SVA POLJA I GUMB) -->\n\t<div class=\"form-column left\">\n \n <!-- Standardna polja za unos teksta -->\n\t\t<div>\n\t\t\t<p><span class=\"wpcf7-form-control-wrap\" data-name=\"your-name\"><input size=\"40\" maxlength=\"400\" class=\"wpcf7-form-control wpcf7-text wpcf7-validates-as-required\" aria-required=\"true\" aria-invalid=\"false\" placeholder=\"Your name\" value=\"\" type=\"text\" name=\"your-name\" \/><\/span><br \/>\n<span class=\"wpcf7-form-control-wrap\" data-name=\"your-email\"><input size=\"40\" maxlength=\"400\" class=\"wpcf7-form-control wpcf7-email wpcf7-validates-as-required wpcf7-text wpcf7-validates-as-email\" aria-required=\"true\" aria-invalid=\"false\" placeholder=\"Your e-mail\" value=\"\" type=\"email\" name=\"your-email\" \/><\/span><br \/>\n<span class=\"wpcf7-form-control-wrap\" data-name=\"your-subject\"><input size=\"40\" maxlength=\"400\" class=\"wpcf7-form-control wpcf7-text wpcf7-validates-as-required\" aria-required=\"true\" aria-invalid=\"false\" placeholder=\"Subject\" value=\"\" type=\"text\" name=\"your-subject\" \/><\/span>\n\t\t\t<\/p>\n\t\t<\/div>\n\n <!-- Va\u0161a poruka (Sada u lijevom stupcu, iznad priloga) -->\n\t\t<p><span class=\"wpcf7-form-control-wrap\" data-name=\"your-message\"><textarea cols=\"40\" rows=\"10\" maxlength=\"2000\" class=\"wpcf7-form-control wpcf7-textarea\" aria-invalid=\"false\" placeholder=\"Your message (optional)\" name=\"your-message\"><\/textarea><\/span>\n\t\t<\/p>\n\n <!-- CUSTOM GRUPA ZA PRILOGE -->\n\t\t<div class=\"custom-file-upload-group\">\n \n <!-- Prilog 1: Ovdje su klase i ID-ovi klju\u010dni za rad JS-a i CSS-a -->\n\t\t\t<div class=\"file-input-wrapper\">\n\t\t\t\t<p><span class=\"wpcf7-form-control-wrap\" data-name=\"file-851\"><input size=\"40\" class=\"wpcf7-form-control wpcf7-file custom-file-input\" id=\"file-851\" accept=\".pdf,.doc,.docx,.xls,.xlsx,image\/*,audio\/*,video\/*\" aria-invalid=\"false\" type=\"file\" name=\"file-851\" \/><\/span><br \/>\n<label for=\"file-851\" class=\"file-upload-label\">Upload File<\/label><br \/>\n<span id=\"file-name-851\" class=\"selected-file-name\"><\/span>\n\t\t\t\t<\/p>\n\t\t\t<\/div>\n\n <!-- Prilog 2: Ovdje su klase i ID-ovi klju\u010dni za rad JS-a i CSS-a -->\n\t\t\t<div class=\"file-input-wrapper\">\n\t\t\t\t<p><span class=\"wpcf7-form-control-wrap\" data-name=\"file-86\"><input size=\"40\" class=\"wpcf7-form-control wpcf7-file custom-file-input\" id=\"file-86\" accept=\".pdf,.doc,.docx,.xls,.xlsx,image\/*,audio\/*,video\/*\" aria-invalid=\"false\" type=\"file\" name=\"file-86\" \/><\/span><br \/>\n<label for=\"file-86\" class=\"file-upload-label\">Upload File<\/label><br \/>\n<span id=\"file-name-86\" class=\"selected-file-name\"><\/span>\n\t\t\t\t<\/p>\n\t\t\t<\/div>\n\t\t<\/div>\n\n <!-- GUMB PO\u0160ALJI (Lijevo poravnat) -->\n\t\t<div class=\"form-submit\">\n\t\t\t<p><input class=\"wpcf7-form-control wpcf7-submit has-spinner\" type=\"submit\" value=\"Send\" \/>\n\t\t\t<\/p>\n\t\t<\/div>\n\t<\/div>\n\n<!-- DESNI STUPAC (Ostavljen prazan da bi se zadr\u017eao dvostup\u010dani izgled) -->\n\t<div class=\"form-column right\">\n <!-- Ostavite prazno ili dodajte dodatni sadr\u017eaj\/tekst\/sliku ako je potrebno -->\n\t<\/div>\n<\/div><p style=\"display: none !important;\" class=\"akismet-fields-container\" data-prefix=\"_wpcf7_ak_\"><label>&#916;<textarea name=\"_wpcf7_ak_hp_textarea\" cols=\"45\" rows=\"8\" maxlength=\"100\"><\/textarea><\/label><input type=\"hidden\" id=\"ak_js_1\" name=\"_wpcf7_ak_js\" value=\"55\"\/><script>document.getElementById( \"ak_js_1\" ).setAttribute( \"value\", ( new Date() ).getTime() );<\/script><\/p><div class=\"wpcf7-response-output\" aria-hidden=\"true\"><\/div>\n<input type=\"hidden\" name=\"trp-form-language\" value=\"en\"\/><\/form>\n<\/div>\n<!-- [et_pb_line_break_holder] --><\/div>\n<p><!-- [et_pb_line_break_holder] -->[\/et_pb_code][\/et_pb_column][et_pb_column type=&#8221;1_2&#8243; _builder_version=&#8221;4.27.2&#8243; background_color=&#8221;#121212&#8243; use_background_color_gradient=&#8221;on&#8221; background_color_gradient_stops=&#8221;rgba(18,18,18,0.5) 0%|#121212 100%&#8221; background_color_gradient_overlays_image=&#8221;on&#8221; background_color_gradient_start=&#8221;rgba(18,18,18,0.5)&#8221; background_color_gradient_end=&#8221;#121212&#8243; background_image=&#8221;https:\/\/new.kovac-metal.com\/wp-content\/uploads\/2024\/10\/architect-firm-02_web_4.jpg&#8221; custom_padding=&#8221;200px||260px|8%&#8221; custom_padding_tablet=&#8221;80px|10%|80px|10%&#8221; custom_padding_phone=&#8221;80px|10%|80px|10%&#8221; custom_padding_last_edited=&#8221;on|desktop&#8221; global_colors_info=&#8221;{}&#8221; padding_tablet=&#8221;80px|10%|80px|10%&#8221; padding_last_edited=&#8221;on|desktop&#8221; custom_padding__hover=&#8221;|||&#8221; padding_phone=&#8221;80px|10%|80px|10%&#8221;][et_pb_text _builder_version=&#8221;4.27.2&#8243; text_font=&#8221;&#8211;et_global_heading_font|300|||||||&#8221; text_text_color=&#8221;rgba(255,255,255,0.7)&#8221; text_font_size=&#8221;18px&#8221; text_line_height=&#8221;1.8em&#8221; header_font=&#8221;&#8211;et_global_heading_font||||||||&#8221; header_font_size=&#8221;26px&#8221; header_2_font=&#8221;&#8211;et_global_heading_font||||||||&#8221; header_2_font_size=&#8221;40px&#8221; header_2_line_height=&#8221;1.4em&#8221; header_3_font=&#8221;||||||||&#8221; background_layout=&#8221;dark&#8221; max_width=&#8221;600px&#8221; custom_padding=&#8221;|0px||||&#8221; locked=&#8221;off&#8221; global_colors_info=&#8221;{}&#8221;]<\/p>\n<p><strong>Phone<br \/><\/strong>+385 (0)98 17 666 02<\/p>\n<p><strong>E-mail<br \/><\/strong>office(@)kovac-metal.com<\/p>\n<p><strong>Address:<\/strong><\/p>\n<p><strong>Blacksmith \u2013 Metal Ltd.<\/strong><br \/>Dr. Vinka \u017dganca 49<br \/>HR \u2013 40000 Cakovec<br \/>CROATIA<\/p>\n<p><strong>OIB<\/strong>: 52129153800<br \/><strong>MBS<\/strong>: 070014921<\/p>\n<p>The company is registered with the Commercial Court in Vara\u017edin.<br \/>Share capital: 2,522.00 EUR, fully paid<br \/>Management: Mijo Kova\u010d, Director<br \/><span>IBAN: HR0623400091116014803<br \/><\/span><span>PRIVREDNA BANK ZAGREB dd.<br \/><\/span><span>SWIFT: PBZGHR2X<\/span><\/p>\n<p>[\/et_pb_text][\/et_pb_column][\/et_pb_row][\/et_pb_section][et_pb_section fb_built=&#8221;1&#8243; _builder_version=&#8221;4.27.4&#8243; _module_preset=&#8221;default&#8221; background_color=&#8221;#1a1a1a&#8221; custom_padding=&#8221;0px|||||&#8221; global_colors_info=&#8221;{}&#8221;][et_pb_row _builder_version=&#8221;4.27.4&#8243; _module_preset=&#8221;default&#8221; global_colors_info=&#8221;{}&#8221;][et_pb_column type=&#8221;4_4&#8243; _builder_version=&#8221;4.27.4&#8243; _module_preset=&#8221;default&#8221; global_colors_info=&#8221;{}&#8221;][et_pb_code _builder_version=&#8221;4.27.4&#8243; _module_preset=&#8221;default&#8221; global_colors_info=&#8221;{}&#8221;]<script><!-- [et_pb_line_break_holder] -->document.addEventListener(\"DOMContentLoaded\", function() {<!-- [et_pb_line_break_holder] -->    \/\/ Selektiraj sve custom file inpute<!-- [et_pb_line_break_holder] -->    const fileInputs = document.querySelectorAll(\".custom-file-input\");<!-- [et_pb_line_break_holder] --><!-- [et_pb_line_break_holder] -->    fileInputs.forEach(function(input) {<!-- [et_pb_line_break_holder] -->        input.addEventListener(\"change\", function() {<!-- [et_pb_line_break_holder] -->            const fileNameSpan = document.querySelector(`#file-name-${input.id.split('-')[1]}`);<!-- [et_pb_line_break_holder] -->            if (input.files && input.files.length > 0) {<!-- [et_pb_line_break_holder] -->                \/\/ Prikaz naziva datoteke<!-- [et_pb_line_break_holder] -->                fileNameSpan.textContent = input.files[0].name;<!-- [et_pb_line_break_holder] -->                fileNameSpan.style.opacity = \"1\";<!-- [et_pb_line_break_holder] -->            } else {<!-- [et_pb_line_break_holder] -->                \/\/ Ako ni\u0161ta nije odabrano, sakrij oznaku<!-- [et_pb_line_break_holder] -->                fileNameSpan.textContent = \"\";<!-- [et_pb_line_break_holder] -->                fileNameSpan.style.opacity = \"0\";<!-- [et_pb_line_break_holder] -->            }<!-- [et_pb_line_break_holder] -->        });<!-- [et_pb_line_break_holder] -->    });<!-- [et_pb_line_break_holder] -->});<!-- [et_pb_line_break_holder] --><\/script><!-- [et_pb_line_break_holder] -->[\/et_pb_code][\/et_pb_column][\/et_pb_row][\/et_pb_section][et_pb_section fb_built=&#8221;1&#8243; _builder_version=&#8221;4.27.4&#8243; _module_preset=&#8221;default&#8221; background_color=&#8221;#1a1a1a&#8221; min_height=&#8221;420.2px&#8221; custom_margin=&#8221;-119px|||||&#8221; custom_padding=&#8221;0px||0px|||&#8221; locked=&#8221;off&#8221; global_colors_info=&#8221;{}&#8221;][et_pb_row column_structure=&#8221;1_3,1_3,1_3&#8243; _builder_version=&#8221;4.27.4&#8243; _module_preset=&#8221;default&#8221; min_height=&#8221;377.4px&#8221; custom_padding=&#8221;||0px|||&#8221; global_colors_info=&#8221;{}&#8221;][et_pb_column type=&#8221;1_3&#8243; _builder_version=&#8221;4.27.4&#8243; _module_preset=&#8221;default&#8221; global_colors_info=&#8221;{}&#8221;][et_pb_text _builder_version=&#8221;4.27.4&#8243; _module_preset=&#8221;default&#8221; global_colors_info=&#8221;{}&#8221;]<\/p>\n<p><a href=\"https:\/\/new.kovac-metal.com\/en\/impresum\/\"><span>imprint<\/span><\/a><\/p>\n<p><a href=\"https:\/\/new.kovac-metal.com\/en\/opci-uvjeti-poslovanja\/\"><span>general terms and conditions<\/span><\/a><\/p>\n<p><a href=\"https:\/\/new.kovac-metal.com\/en\/pravila-koristenja\/\"><span>terms of use<\/span><\/a><\/p>\n<p><a href=\"https:\/\/new.kovac-metal.com\/en\/privatnost\/\"><span>privacy\u00a0<\/span><\/a><\/p>\n<p>[\/et_pb_text][\/et_pb_column][et_pb_column type=&#8221;1_3&#8243; _builder_version=&#8221;4.27.4&#8243; _module_preset=&#8221;default&#8221; global_colors_info=&#8221;{}&#8221;][et_pb_image src=&#8221;https:\/\/new.kovac-metal.com\/wp-content\/uploads\/2025\/10\/KM_gray_500x200.png&#8221; title_text=&#8221;KM_gray_500x200&#8243; _builder_version=&#8221;4.27.4&#8243; _module_preset=&#8221;default&#8221; global_colors_info=&#8221;{}&#8221;][\/et_pb_image][\/et_pb_column][et_pb_column type=&#8221;1_3&#8243; _builder_version=&#8221;4.27.4&#8243; _module_preset=&#8221;default&#8221; global_colors_info=&#8221;{}&#8221;][et_pb_text _builder_version=&#8221;4.27.4&#8243; _module_preset=&#8221;default&#8221; global_colors_info=&#8221;{}&#8221;]<\/p>\n<p style=\"text-align: right;\"><strong>Phone<br \/><\/strong>+385 (0)98 17 666 02<\/p>\n<p style=\"text-align: right;\"><strong>E-mail<br \/><\/strong>office(@)kovac-metal.com<\/p>\n<p style=\"text-align: right;\"><strong>Address:<\/strong><\/p>\n<p style=\"text-align: right;\"><strong>Blacksmith \u2013 Metal Ltd.<\/strong><br \/>Dr. Vinka \u017dganca 49<br \/>40000 Cakovec<br \/>CROATIA<\/p>\n<p>[\/et_pb_text][\/et_pb_column][\/et_pb_row][\/et_pb_section]<\/p>","protected":false},"excerpt":{"rendered":"<p>O namaKova\u010d-Metal d.o.o. je metaloprera\u0111iva\u010dko poduze\u0107e s 35 godi\u0161njim iskustvom u strojogradnji, izradi \u010deli\u010dnih konstrukcija, strojnih elemenata i \u017eeljezni\u010dkih komponenti. Nudimo razradu i realizaciju Va\u0161ih ideja ili gotovih projekata, koji zahtjevaju zavarivanje, strojnu obradu, obradu limova i cijevi te bravarske poslove. Na\u0161 strojni park sastavljen je od vi\u0161e vrsta alatnih strojeva i proizvodnih procesa, a [&hellip;]<\/p>","protected":false},"author":1,"featured_media":0,"parent":0,"menu_order":0,"comment_status":"closed","ping_status":"closed","template":"","meta":{"_et_pb_use_builder":"on","_et_pb_old_content":"<!-- wp:divi\/placeholder \/-->","_et_gb_content_width":"","footnotes":""},"class_list":["post-332","page","type-page","status-publish","hentry"],"yoast_head":"<!-- This site is optimized with the Yoast SEO plugin v26.4 - https:\/\/yoast.com\/wordpress\/plugins\/seo\/ -->\n<title>Kontakt - Kova\u010d Metal<\/title>\n<meta name=\"robots\" content=\"index, follow, max-snippet:-1, max-image-preview:large, max-video-preview:-1\" \/>\n<link rel=\"canonical\" href=\"https:\/\/new.kovac-metal.com\/en\/kontakt\/\" \/>\n<meta property=\"og:locale\" content=\"en_GB\" \/>\n<meta property=\"og:type\" content=\"article\" \/>\n<meta property=\"og:title\" content=\"Kontakt - Kova\u010d Metal\" \/>\n<meta property=\"og:description\" content=\"O namaKova\u010d-Metal d.o.o. je metaloprera\u0111iva\u010dko poduze\u0107e s 35 godi\u0161njim iskustvom u strojogradnji, izradi \u010deli\u010dnih konstrukcija, strojnih elemenata i \u017eeljezni\u010dkih komponenti. Nudimo razradu i realizaciju Va\u0161ih ideja ili gotovih projekata, koji zahtjevaju zavarivanje, strojnu obradu, obradu limova i cijevi te bravarske poslove. Na\u0161 strojni park sastavljen je od vi\u0161e vrsta alatnih strojeva i proizvodnih procesa, a [&hellip;]\" \/>\n<meta property=\"og:url\" content=\"https:\/\/new.kovac-metal.com\/en\/kontakt\/\" \/>\n<meta property=\"og:site_name\" content=\"Kova\u010d Metal\" \/>\n<meta property=\"article:publisher\" content=\"https:\/\/www.facebook.com\/KovacMetal\" \/>\n<meta property=\"article:modified_time\" content=\"2025-11-04T08:54:42+00:00\" \/>\n<meta name=\"twitter:card\" content=\"summary_large_image\" \/>\n<script type=\"application\/ld+json\" class=\"yoast-schema-graph\">{\"@context\":\"https:\/\/schema.org\",\"@graph\":[{\"@type\":\"WebPage\",\"@id\":\"https:\/\/new.kovac-metal.com\/kontakt\/\",\"url\":\"https:\/\/new.kovac-metal.com\/kontakt\/\",\"name\":\"Kontakt - Kova\u010d Metal\",\"isPartOf\":{\"@id\":\"https:\/\/new.kovac-metal.com\/#website\"},\"datePublished\":\"2025-09-26T15:34:41+00:00\",\"dateModified\":\"2025-11-04T08:54:42+00:00\",\"breadcrumb\":{\"@id\":\"https:\/\/new.kovac-metal.com\/kontakt\/#breadcrumb\"},\"inLanguage\":\"en-GB\",\"potentialAction\":[{\"@type\":\"ReadAction\",\"target\":[\"https:\/\/new.kovac-metal.com\/kontakt\/\"]}]},{\"@type\":\"BreadcrumbList\",\"@id\":\"https:\/\/new.kovac-metal.com\/kontakt\/#breadcrumb\",\"itemListElement\":[{\"@type\":\"ListItem\",\"position\":1,\"name\":\"Home\",\"item\":\"https:\/\/new.kovac-metal.com\/\"},{\"@type\":\"ListItem\",\"position\":2,\"name\":\"Kontakt\"}]},{\"@type\":\"WebSite\",\"@id\":\"https:\/\/new.kovac-metal.com\/#website\",\"url\":\"https:\/\/new.kovac-metal.com\/\",\"name\":\"Kova\u010d Metal\",\"description\":\"Mi izra\u0111ujemo stvari\",\"publisher\":{\"@id\":\"https:\/\/new.kovac-metal.com\/#organization\"},\"alternateName\":\"Strojna obrada i metalne konstrukcije\",\"potentialAction\":[{\"@type\":\"SearchAction\",\"target\":{\"@type\":\"EntryPoint\",\"urlTemplate\":\"https:\/\/new.kovac-metal.com\/?s={search_term_string}\"},\"query-input\":{\"@type\":\"PropertyValueSpecification\",\"valueRequired\":true,\"valueName\":\"search_term_string\"}}],\"inLanguage\":\"en-GB\"},{\"@type\":\"Organization\",\"@id\":\"https:\/\/new.kovac-metal.com\/#organization\",\"name\":\"Kova\u010d Metal\",\"url\":\"https:\/\/new.kovac-metal.com\/\",\"logo\":{\"@type\":\"ImageObject\",\"inLanguage\":\"en-GB\",\"@id\":\"https:\/\/new.kovac-metal.com\/#\/schema\/logo\/image\/\",\"url\":\"https:\/\/new.kovac-metal.com\/wp-content\/uploads\/2024\/10\/cropped-KM-LOGO_w.png\",\"contentUrl\":\"https:\/\/new.kovac-metal.com\/wp-content\/uploads\/2024\/10\/cropped-KM-LOGO_w.png\",\"width\":512,\"height\":512,\"caption\":\"Kova\u010d Metal\"},\"image\":{\"@id\":\"https:\/\/new.kovac-metal.com\/#\/schema\/logo\/image\/\"},\"sameAs\":[\"https:\/\/www.facebook.com\/KovacMetal\"]}]}<\/script>\n<!-- \/ Yoast SEO plugin. -->","yoast_head_json":{"title":"Kontakt - Kova\u010d Metal","robots":{"index":"index","follow":"follow","max-snippet":"max-snippet:-1","max-image-preview":"max-image-preview:large","max-video-preview":"max-video-preview:-1"},"canonical":"https:\/\/new.kovac-metal.com\/en\/kontakt\/","og_locale":"en_GB","og_type":"article","og_title":"Kontakt - Kova\u010d Metal","og_description":"O namaKova\u010d-Metal d.o.o. je metaloprera\u0111iva\u010dko poduze\u0107e s 35 godi\u0161njim iskustvom u strojogradnji, izradi \u010deli\u010dnih konstrukcija, strojnih elemenata i \u017eeljezni\u010dkih komponenti. Nudimo razradu i realizaciju Va\u0161ih ideja ili gotovih projekata, koji zahtjevaju zavarivanje, strojnu obradu, obradu limova i cijevi te bravarske poslove. Na\u0161 strojni park sastavljen je od vi\u0161e vrsta alatnih strojeva i proizvodnih procesa, a [&hellip;]","og_url":"https:\/\/new.kovac-metal.com\/en\/kontakt\/","og_site_name":"Kova\u010d Metal","article_publisher":"https:\/\/www.facebook.com\/KovacMetal","article_modified_time":"2025-11-04T08:54:42+00:00","twitter_card":"summary_large_image","schema":{"@context":"https:\/\/schema.org","@graph":[{"@type":"WebPage","@id":"https:\/\/new.kovac-metal.com\/kontakt\/","url":"https:\/\/new.kovac-metal.com\/kontakt\/","name":"Kontakt - Kova\u010d Metal","isPartOf":{"@id":"https:\/\/new.kovac-metal.com\/#website"},"datePublished":"2025-09-26T15:34:41+00:00","dateModified":"2025-11-04T08:54:42+00:00","breadcrumb":{"@id":"https:\/\/new.kovac-metal.com\/kontakt\/#breadcrumb"},"inLanguage":"en-GB","potentialAction":[{"@type":"ReadAction","target":["https:\/\/new.kovac-metal.com\/kontakt\/"]}]},{"@type":"BreadcrumbList","@id":"https:\/\/new.kovac-metal.com\/kontakt\/#breadcrumb","itemListElement":[{"@type":"ListItem","position":1,"name":"Home","item":"https:\/\/new.kovac-metal.com\/"},{"@type":"ListItem","position":2,"name":"Kontakt"}]},{"@type":"WebSite","@id":"https:\/\/new.kovac-metal.com\/#website","url":"https:\/\/new.kovac-metal.com\/","name":"Kova\u010d Metal","description":"Mi izra\u0111ujemo stvari","publisher":{"@id":"https:\/\/new.kovac-metal.com\/#organization"},"alternateName":"Strojna obrada i metalne konstrukcije","potentialAction":[{"@type":"SearchAction","target":{"@type":"EntryPoint","urlTemplate":"https:\/\/new.kovac-metal.com\/?s={search_term_string}"},"query-input":{"@type":"PropertyValueSpecification","valueRequired":true,"valueName":"search_term_string"}}],"inLanguage":"en-GB"},{"@type":"Organization","@id":"https:\/\/new.kovac-metal.com\/#organization","name":"Kova\u010d Metal","url":"https:\/\/new.kovac-metal.com\/","logo":{"@type":"ImageObject","inLanguage":"en-GB","@id":"https:\/\/new.kovac-metal.com\/#\/schema\/logo\/image\/","url":"https:\/\/new.kovac-metal.com\/wp-content\/uploads\/2024\/10\/cropped-KM-LOGO_w.png","contentUrl":"https:\/\/new.kovac-metal.com\/wp-content\/uploads\/2024\/10\/cropped-KM-LOGO_w.png","width":512,"height":512,"caption":"Kova\u010d Metal"},"image":{"@id":"https:\/\/new.kovac-metal.com\/#\/schema\/logo\/image\/"},"sameAs":["https:\/\/www.facebook.com\/KovacMetal"]}]}},"_links":{"self":[{"href":"https:\/\/new.kovac-metal.com\/en\/wp-json\/wp\/v2\/pages\/332","targetHints":{"allow":["GET"]}}],"collection":[{"href":"https:\/\/new.kovac-metal.com\/en\/wp-json\/wp\/v2\/pages"}],"about":[{"href":"https:\/\/new.kovac-metal.com\/en\/wp-json\/wp\/v2\/types\/page"}],"author":[{"embeddable":true,"href":"https:\/\/new.kovac-metal.com\/en\/wp-json\/wp\/v2\/users\/1"}],"replies":[{"embeddable":true,"href":"https:\/\/new.kovac-metal.com\/en\/wp-json\/wp\/v2\/comments?post=332"}],"version-history":[{"count":27,"href":"https:\/\/new.kovac-metal.com\/en\/wp-json\/wp\/v2\/pages\/332\/revisions"}],"predecessor-version":[{"id":742,"href":"https:\/\/new.kovac-metal.com\/en\/wp-json\/wp\/v2\/pages\/332\/revisions\/742"}],"wp:attachment":[{"href":"https:\/\/new.kovac-metal.com\/en\/wp-json\/wp\/v2\/media?parent=332"}],"curies":[{"name":"wp","href":"https:\/\/api.w.org\/{rel}","templated":true}]}}