{"id":467,"date":"2025-10-01T20:38:46","date_gmt":"2025-10-01T18:38:46","guid":{"rendered":"https:\/\/new.kovac-metal.com\/?page_id=467"},"modified":"2025-10-02T10:35:58","modified_gmt":"2025-10-02T08:35:58","slug":"opci-uvjeti-poslovanja","status":"publish","type":"page","link":"https:\/\/new.kovac-metal.com\/de\/opci-uvjeti-poslovanja\/","title":{"rendered":"Allgemeine Gesch\u00e4ftsbedingungen"},"content":{"rendered":"<p>[et_pb_section fb_built=&#8221;1&#8243; admin_label=&#8221;Hero Section&#8221; _builder_version=&#8221;4.16&#8243; custom_padding=&#8221;0|0px|0px|0px&#8221; global_colors_info=&#8221;{}&#8221; theme_builder_area=&#8221;post_content&#8221;][et_pb_row column_structure=&#8221;1_2,1_2&#8243; use_custom_gutter=&#8221;on&#8221; make_equal=&#8221;on&#8221; _builder_version=&#8221;4.27.4&#8243; width=&#8221;100%&#8221; max_width=&#8221;100%&#8221; custom_margin=&#8221;|auto|91px|auto||&#8221; custom_padding=&#8221;0px|0|0px|&#8221; hover_enabled=&#8221;0&#8243; use_custom_width=&#8221;on&#8221; width_unit=&#8221;off&#8221; custom_width_percent=&#8221;100%&#8221; global_colors_info=&#8221;{}&#8221; theme_builder_area=&#8221;post_content&#8221; sticky_enabled=&#8221;0&#8243;][et_pb_column type=&#8221;1_2&#8243; _builder_version=&#8221;4.16&#8243; custom_padding=&#8221;200px|4%|200px|8%&#8221; custom_padding_tablet=&#8221;60px|10%|60px|10%&#8221; custom_padding_phone=&#8221;&#8221; custom_padding_last_edited=&#8221;on|tablet&#8221; global_colors_info=&#8221;{}&#8221; padding_tablet=&#8221;60px|10%|60px|10%&#8221; padding_last_edited=&#8221;on|tablet&#8221; custom_padding__hover=&#8221;|||&#8221; padding_phone=&#8221;60px|10%|60px|10%&#8221; theme_builder_area=&#8221;post_content&#8221;][et_pb_text _builder_version=&#8221;4.27.4&#8243; text_font=&#8221;Karla||||||||&#8221; text_font_size=&#8221;18px&#8221; text_line_height=&#8221;1.8em&#8221; header_font=&#8221;Cormorant Garamond||||||||&#8221; header_font_size=&#8221;56px&#8221; header_line_height=&#8221;1.4em&#8221; header_2_font=&#8221;||||||||&#8221; header_3_font=&#8221;||||||||&#8221; max_width=&#8221;600px&#8221; hover_enabled=&#8221;0&#8243; header_font_size_tablet=&#8221;40px&#8221; header_font_size_phone=&#8221;&#8221; header_font_size_last_edited=&#8221;on|tablet&#8221; locked=&#8221;off&#8221; global_colors_info=&#8221;{}&#8221; theme_builder_area=&#8221;post_content&#8221; custom_padding=&#8221;1px|||||&#8221; sticky_enabled=&#8221;0&#8243;]<\/p>\n<h2>OP\u0106U UVJETI POSLOVANJA<\/h2>\n<p>&nbsp;<\/p>\n<p>&nbsp;<\/p>\n<h3 data-start=\"1874\" data-end=\"1896\">1. Podaci o tvrtki<\/h3>\n<p>&nbsp;<\/p>\n<ul data-start=\"1897\" data-end=\"2147\">\n<li data-start=\"1897\" data-end=\"1930\">\n<p data-start=\"1899\" data-end=\"1930\"><strong data-start=\"1899\" data-end=\"1909\">Naziv:<\/strong> Kova\u010d-Metal GmbH<\/p>\n<\/li>\n<\/ul>\n<ul data-start=\"1897\" data-end=\"2147\">\n<li data-start=\"1931\" data-end=\"1963\">\n<p data-start=\"1933\" data-end=\"1963\"><strong data-start=\"1933\" data-end=\"1946\">Sjedi\u0161te:<\/strong> Dr. Vinka \u017dganca 49<br \/>40000 \u010cakovec<br \/>HRVATSKA<\/p>\n<\/li>\n<\/ul>\n<ul data-start=\"1897\" data-end=\"2147\">\n<li data-start=\"1964\" data-end=\"1988\">\n<p data-start=\"1966\" data-end=\"1988\"><strong data-start=\"1966\" data-end=\"1974\">OIB:<\/strong> 52129153800<\/p>\n<\/li>\n<li data-start=\"1989\" data-end=\"2029\">\n<p data-start=\"1991\" data-end=\"2029\"><strong data-start=\"1991\" data-end=\"1999\">MBS:<\/strong> 070014921<\/p>\n<\/li>\n<\/ul>\n<ul data-start=\"1897\" data-end=\"2147\">\n<li data-start=\"2030\" data-end=\"2107\">\n<p data-start=\"2032\" data-end=\"2107\"><strong data-start=\"2032\" data-end=\"2074\">Sud kod kojega je tvrtka registrirana:<\/strong> Das Unternehmen ist beim Handelsgericht in Vara\u017edin registriert.<\/p>\n<\/li>\n<\/ul>\n<ul data-start=\"1897\" data-end=\"2147\">\n<li data-start=\"2108\" data-end=\"2147\">\n<p data-start=\"2110\" data-end=\"2147\"><strong data-start=\"2110\" data-end=\"2122\">Kontakt:<\/strong><\/p>\n<p>Telefon<br \/>+385 (0)98 17 666 02<\/p>\n<p>E-mail<br \/>office(@)kovac-metal.com<\/p>\n<\/li>\n<\/ul>\n<p>&nbsp;<\/p>\n<h3 data-start=\"2149\" data-end=\"2174\">2. Predmet poslovanja<\/h3>\n<p data-start=\"2175\" data-end=\"2340\">Kova\u010d-Metal d.o.o. bavi se obradom metala, izradom metalnih konstrukcija, strojeva, monta\u017eom te prodajom proizvoda i usluga vezanih uz metaloprera\u0111iva\u010dku industriju.<\/p>\n<h3 data-start=\"2342\" data-end=\"2366\">3. Narud\u017ebe i ponude<\/h3>\n<p data-start=\"2367\" data-end=\"2570\">Narud\u017ebe se zaprimaju putem e-maila, telefona ili osobno. Sve ponude vrijede 30 dana od dana izdavanja, osim ako nije druga\u010dije navedeno. Narud\u017ebe postaju obvezuju\u0107e potvrdom od strane Kova\u010d-Metal d.o.o.<\/p>\n<h3 data-start=\"2572\" data-end=\"2585\">4. Cijene<\/h3>\n<p data-start=\"2586\" data-end=\"2741\">Sve cijene izra\u017eene su u eurima (EUR), bez ili s PDV-om, ovisno o kontekstu ponude. Kova\u010d-Metal d.o.o. zadr\u017eava pravo promjene cijena bez prethodne najave.<\/p>\n<h3 data-start=\"2743\" data-end=\"2764\">5. Na\u010din pla\u0107anja<\/h3>\n<p data-start=\"2765\" data-end=\"2890\">Pla\u0107anje se vr\u0161i po predra\u010dunu, gotovinski, ili prema dogovoru. Za ka\u0161njenje u pla\u0107anju zara\u010dunavamo zakonske zatezne kamate.<\/p>\n<h3 data-start=\"2892\" data-end=\"2916\">6. Isporuka i rokovi<\/h3>\n<p data-start=\"2917\" data-end=\"3089\">Rokovi isporuke definiraju se pojedina\u010dno za svaku narud\u017ebu i navedeni su u ponudi ili ugovoru. Zaka\u0161njenja uzrokovana vi\u0161om silom ne ulaze u odgovornost Kova\u010d-Metal d.o.o.<\/p>\n<h3 data-start=\"3091\" data-end=\"3119\">7. Reklamacije i povrati<\/h3>\n<p data-start=\"3120\" data-end=\"3309\">Reklamacije na isporu\u010dene proizvode ili izvedene usluge prihva\u0107aju se u roku od 8 dana od preuzimanja. Povrati se dogovaraju individualno. Proizvodi izra\u0111eni po mjeri nisu podlo\u017eni povratu.<\/p>\n<h3 data-start=\"3311\" data-end=\"3325\">8. Jamstvo<\/h3>\n<p data-start=\"3326\" data-end=\"3495\">Jamstvo se daje za odre\u0111ene proizvode, prema uvjetima proizvo\u0111a\u010da ili posebnim ugovorenim uvjetima. Jamstvo ne pokriva fizi\u010dka o\u0161te\u0107enja nastala nepravilnim kori\u0161tenjem.<\/p>\n<h3 data-start=\"3497\" data-end=\"3520\">9. Za\u0161tita podataka<\/h3>\n<p data-start=\"3521\" data-end=\"3680\">Kova\u010d-Metal d.o.o. po\u0161tuje privatnost svojih klijenata. Svi podaci koriste se isklju\u010divo u svrhu poslovanja te se ne proslje\u0111uju tre\u0107im stranama bez pristanka.<\/p>\n<h3 data-start=\"3682\" data-end=\"3700\">10. Nadle\u017enost<\/h3>\n<p data-start=\"3701\" data-end=\"3818\">Za sve sporove nadle\u017ean je stvarno nadle\u017eni sud prema sjedi\u0161tu Kova\u010d-Metal d.o.o., osim ako nije druga\u010dije ugovoreno.<\/p>\n<p>[\/et_pb_text][\/et_pb_column][et_pb_column type=&#8221;1_2&#8243; _builder_version=&#8221;4.27.4&#8243; background_color=&#8221;#121212&#8243; use_background_color_gradient=&#8221;on&#8221; background_color_gradient_stops=&#8221;rgba(18,18,18,0.5) 0%|#121212 100%&#8221; background_color_gradient_overlays_image=&#8221;on&#8221; background_color_gradient_start=&#8221;rgba(18,18,18,0.5)&#8221; background_color_gradient_end=&#8221;#121212&#8243; background_image=&#8221;https:\/\/new.kovac-metal.com\/wp-content\/uploads\/2025\/10\/law-5243222_1920.jpg&#8221; custom_padding=&#8221;100px||100px|&#8221; custom_padding_tablet=&#8221;60px||60px|&#8221; custom_padding_phone=&#8221;&#8221; custom_padding_last_edited=&#8221;on|desktop&#8221; hover_enabled=&#8221;0&#8243; global_colors_info=&#8221;{}&#8221; padding_tablet=&#8221;60px||60px|&#8221; padding_last_edited=&#8221;on|desktop&#8221; custom_padding__hover=&#8221;|||&#8221; padding_phone=&#8221;60px||60px|&#8221; theme_builder_area=&#8221;post_content&#8221; title_text=&#8221;law-5243222_1920&#8243; sticky_enabled=&#8221;0&#8243;][\/et_pb_column][\/et_pb_row][\/et_pb_section][et_pb_section fb_built=&#8221;1&#8243; admin_label=&#8221;Contact&#8221; _builder_version=&#8221;4.27.4&#8243; background_color=&#8221;#1b1b1b&#8221; use_background_color_gradient=&#8221;on&#8221; background_color_gradient_stops=&#8221;#121212 0%|rgba(18,18,18,0.8) 100%&#8221; background_color_gradient_overlays_image=&#8221;on&#8221; background_color_gradient_start=&#8221;#121212&#8243; background_color_gradient_end=&#8221;rgba(18,18,18,0.8)&#8221; background_image=&#8221;https:\/\/new.kovac-metal.com\/wp-content\/uploads\/2025\/10\/law-5243222_1920.jpg&#8221; custom_margin=&#8221;116px|||||&#8221; custom_padding=&#8221;100px|0px|240px|0px&#8221; hover_enabled=&#8221;0&#8243; global_colors_info=&#8221;{}&#8221; theme_builder_area=&#8221;post_content&#8221; title_text=&#8221;law-5243222_1920&#8243; sticky_enabled=&#8221;0&#8243;][\/et_pb_section][et_pb_section fb_built=&#8221;1&#8243; _builder_version=&#8221;4.27.4&#8243; _module_preset=&#8221;default&#8221; background_color=&#8221;#1a1a1a&#8221; min_height=&#8221;353.2px&#8221; custom_padding=&#8221;0px||0px|||&#8221; locked=&#8221;off&#8221; global_colors_info=&#8221;{}&#8221; theme_builder_area=&#8221;post_content&#8221;][et_pb_row column_structure=&#8221;1_3,1_3,1_3&#8243; _builder_version=&#8221;4.27.4&#8243; _module_preset=&#8221;default&#8221; custom_padding=&#8221;||0px|||&#8221; global_colors_info=&#8221;{}&#8221; theme_builder_area=&#8221;post_content&#8221;][et_pb_column type=&#8221;1_3&#8243; _builder_version=&#8221;4.27.4&#8243; _module_preset=&#8221;default&#8221; global_colors_info=&#8221;{}&#8221; theme_builder_area=&#8221;post_content&#8221;][et_pb_text _builder_version=&#8221;4.27.4&#8243; _module_preset=&#8221;default&#8221; custom_margin=&#8221;|-146px||||&#8221; global_colors_info=&#8221;{}&#8221; theme_builder_area=&#8221;post_content&#8221;]<\/p>\n<p><span><\/span><\/p>\n<p><span><\/span><\/p>\n<p><a href=\"https:\/\/new.kovac-metal.com\/de\/impresum\/\"><span>Impressum<\/span><\/a><\/p>\n<p><a href=\"https:\/\/new.kovac-metal.com\/de\/opci-uvjeti-poslovanja\/\"><span>Allgemeine Gesch\u00e4ftsbedingungen<\/span><\/a><\/p>\n<p><a href=\"https:\/\/new.kovac-metal.com\/de\/pravila-koristenja\/\"><span>Nutzungsbedingungen<\/span><\/a><\/p>\n<p><a href=\"https:\/\/new.kovac-metal.com\/de\/privatnost\/\"><span>Datenschutz\u00a0<\/span><\/a><\/p>\n<p>[\/et_pb_text][\/et_pb_column][et_pb_column type=&#8221;1_3&#8243; _builder_version=&#8221;4.27.4&#8243; _module_preset=&#8221;default&#8221; global_colors_info=&#8221;{}&#8221; theme_builder_area=&#8221;post_content&#8221;][et_pb_text _builder_version=&#8221;4.27.4&#8243; _module_preset=&#8221;default&#8221; background_image=&#8221;https:\/\/new.kovac-metal.com\/wp-content\/uploads\/2025\/10\/KM-LOGO_g.png&#8221; background_size=&#8221;custom&#8221; background_image_width=&#8221;38%&#8221; background_image_height=&#8221;0%&#8221; custom_margin=&#8221;|-146px||||&#8221; locked=&#8221;off&#8221; global_colors_info=&#8221;{}&#8221; theme_builder_area=&#8221;post_content&#8221;]<\/p>\n<p>&nbsp;<\/p>\n<p>&nbsp;<\/p>\n<p>&nbsp;<\/p>\n<p>&nbsp;<\/p>\n<p>&nbsp;<\/p>\n<p>&nbsp;<\/p>\n<p>[\/et_pb_text][\/et_pb_column][et_pb_column type=&#8221;1_3&#8243; _builder_version=&#8221;4.27.4&#8243; _module_preset=&#8221;default&#8221; global_colors_info=&#8221;{}&#8221; theme_builder_area=&#8221;post_content&#8221;][et_pb_text _builder_version=&#8221;4.27.4&#8243; _module_preset=&#8221;default&#8221; custom_margin=&#8221;|-146px||||&#8221; locked=&#8221;off&#8221; global_colors_info=&#8221;{}&#8221; theme_builder_area=&#8221;post_content&#8221;]<\/p>\n<p style=\"text-align: right;\"><strong><\/strong><\/p>\n<p style=\"text-align: right;\"><strong><\/strong><\/p>\n<p style=\"text-align: right;\"><strong>Telefon<br \/><\/strong>+385 (0)98 17 666 02<\/p>\n<p style=\"text-align: right;\"><strong>E-mail<br \/><\/strong>office(@)kovac-metal.com<\/p>\n<p style=\"text-align: right;\"><strong>Adresse:<\/strong><\/p>\n<p style=\"text-align: right;\"><strong>Kova\u010d \u2013 Metal d.o.o.<\/strong><br \/>Dr. Vinka \u017dganca 49<br \/>40000 \u010cakovec<br \/>HRVATSKA<\/p>\n<p>[\/et_pb_text][\/et_pb_column][\/et_pb_row][\/et_pb_section]<\/p>","protected":false},"excerpt":{"rendered":"<p>OP\u0106U UVJETI POSLOVANJA &nbsp; &nbsp; 1. Podaci o tvrtki &nbsp; Naziv: Kova\u010d-Metal d.o.o. Sjedi\u0161te: Dr. Vinka \u017dganca 4940000 \u010cakovecHRVATSKA OIB: 52129153800 MBS: 070014921 Sud kod kojega je tvrtka registrirana: Dru\u0161tvo je registrirano pri trgova\u010dkom sudu u Vara\u017edinu Kontakt: Telefon+385 (0)98 17 666 02 E-mailoffice(@)kovac-metal.com &nbsp; 2. Predmet poslovanja Kova\u010d-Metal d.o.o. bavi se obradom metala, izradom [&hellip;]<\/p>","protected":false},"author":1,"featured_media":0,"parent":0,"menu_order":0,"comment_status":"closed","ping_status":"closed","template":"","meta":{"_et_pb_use_builder":"on","_et_pb_old_content":"","_et_gb_content_width":"","footnotes":""},"class_list":["post-467","page","type-page","status-publish","hentry"],"yoast_head":"<!-- This site is optimized with the Yoast SEO plugin v26.4 - https:\/\/yoast.com\/wordpress\/plugins\/seo\/ -->\n<title>op\u0107i uvjeti poslovanja - Kova\u010d Metal<\/title>\n<meta name=\"robots\" content=\"index, follow, max-snippet:-1, max-image-preview:large, max-video-preview:-1\" \/>\n<link rel=\"canonical\" href=\"https:\/\/new.kovac-metal.com\/de\/opci-uvjeti-poslovanja\/\" \/>\n<meta property=\"og:locale\" content=\"de_DE\" \/>\n<meta property=\"og:type\" content=\"article\" \/>\n<meta property=\"og:title\" content=\"op\u0107i uvjeti poslovanja - Kova\u010d Metal\" \/>\n<meta property=\"og:description\" content=\"OP\u0106U UVJETI POSLOVANJA &nbsp; &nbsp; 1. Podaci o tvrtki &nbsp; Naziv: Kova\u010d-Metal d.o.o. Sjedi\u0161te: Dr. Vinka \u017dganca 4940000 \u010cakovecHRVATSKA OIB: 52129153800 MBS: 070014921 Sud kod kojega je tvrtka registrirana: Dru\u0161tvo je registrirano pri trgova\u010dkom sudu u Vara\u017edinu Kontakt: Telefon+385 (0)98 17 666 02 E-mailoffice(@)kovac-metal.com &nbsp; 2. Predmet poslovanja Kova\u010d-Metal d.o.o. bavi se obradom metala, izradom [&hellip;]\" \/>\n<meta property=\"og:url\" content=\"https:\/\/new.kovac-metal.com\/de\/opci-uvjeti-poslovanja\/\" \/>\n<meta property=\"og:site_name\" content=\"Kova\u010d Metal\" \/>\n<meta property=\"article:publisher\" content=\"https:\/\/www.facebook.com\/KovacMetal\" \/>\n<meta property=\"article:modified_time\" content=\"2025-10-02T08:35:58+00:00\" \/>\n<meta name=\"twitter:card\" content=\"summary_large_image\" \/>\n<script type=\"application\/ld+json\" class=\"yoast-schema-graph\">{\"@context\":\"https:\/\/schema.org\",\"@graph\":[{\"@type\":\"WebPage\",\"@id\":\"https:\/\/new.kovac-metal.com\/opci-uvjeti-poslovanja\/\",\"url\":\"https:\/\/new.kovac-metal.com\/opci-uvjeti-poslovanja\/\",\"name\":\"op\u0107i uvjeti poslovanja - Kova\u010d Metal\",\"isPartOf\":{\"@id\":\"https:\/\/new.kovac-metal.com\/#website\"},\"datePublished\":\"2025-10-01T18:38:46+00:00\",\"dateModified\":\"2025-10-02T08:35:58+00:00\",\"breadcrumb\":{\"@id\":\"https:\/\/new.kovac-metal.com\/opci-uvjeti-poslovanja\/#breadcrumb\"},\"inLanguage\":\"de\",\"potentialAction\":[{\"@type\":\"ReadAction\",\"target\":[\"https:\/\/new.kovac-metal.com\/opci-uvjeti-poslovanja\/\"]}]},{\"@type\":\"BreadcrumbList\",\"@id\":\"https:\/\/new.kovac-metal.com\/opci-uvjeti-poslovanja\/#breadcrumb\",\"itemListElement\":[{\"@type\":\"ListItem\",\"position\":1,\"name\":\"Home\",\"item\":\"https:\/\/new.kovac-metal.com\/\"},{\"@type\":\"ListItem\",\"position\":2,\"name\":\"op\u0107i uvjeti poslovanja\"}]},{\"@type\":\"WebSite\",\"@id\":\"https:\/\/new.kovac-metal.com\/#website\",\"url\":\"https:\/\/new.kovac-metal.com\/\",\"name\":\"Kova\u010d Metal\",\"description\":\"Mi izra\u0111ujemo stvari\",\"publisher\":{\"@id\":\"https:\/\/new.kovac-metal.com\/#organization\"},\"alternateName\":\"Strojna obrada i metalne konstrukcije\",\"potentialAction\":[{\"@type\":\"SearchAction\",\"target\":{\"@type\":\"EntryPoint\",\"urlTemplate\":\"https:\/\/new.kovac-metal.com\/?s={search_term_string}\"},\"query-input\":{\"@type\":\"PropertyValueSpecification\",\"valueRequired\":true,\"valueName\":\"search_term_string\"}}],\"inLanguage\":\"de\"},{\"@type\":\"Organization\",\"@id\":\"https:\/\/new.kovac-metal.com\/#organization\",\"name\":\"Kova\u010d Metal\",\"url\":\"https:\/\/new.kovac-metal.com\/\",\"logo\":{\"@type\":\"ImageObject\",\"inLanguage\":\"de\",\"@id\":\"https:\/\/new.kovac-metal.com\/#\/schema\/logo\/image\/\",\"url\":\"https:\/\/new.kovac-metal.com\/wp-content\/uploads\/2024\/10\/cropped-KM-LOGO_w.png\",\"contentUrl\":\"https:\/\/new.kovac-metal.com\/wp-content\/uploads\/2024\/10\/cropped-KM-LOGO_w.png\",\"width\":512,\"height\":512,\"caption\":\"Kova\u010d Metal\"},\"image\":{\"@id\":\"https:\/\/new.kovac-metal.com\/#\/schema\/logo\/image\/\"},\"sameAs\":[\"https:\/\/www.facebook.com\/KovacMetal\"]}]}<\/script>\n<!-- \/ Yoast SEO plugin. -->","yoast_head_json":{"title":"op\u0107i uvjeti poslovanja - Kova\u010d Metal","robots":{"index":"index","follow":"follow","max-snippet":"max-snippet:-1","max-image-preview":"max-image-preview:large","max-video-preview":"max-video-preview:-1"},"canonical":"https:\/\/new.kovac-metal.com\/de\/opci-uvjeti-poslovanja\/","og_locale":"de_DE","og_type":"article","og_title":"op\u0107i uvjeti poslovanja - Kova\u010d Metal","og_description":"OP\u0106U UVJETI POSLOVANJA &nbsp; &nbsp; 1. Podaci o tvrtki &nbsp; Naziv: Kova\u010d-Metal d.o.o. Sjedi\u0161te: Dr. Vinka \u017dganca 4940000 \u010cakovecHRVATSKA OIB: 52129153800 MBS: 070014921 Sud kod kojega je tvrtka registrirana: Dru\u0161tvo je registrirano pri trgova\u010dkom sudu u Vara\u017edinu Kontakt: Telefon+385 (0)98 17 666 02 E-mailoffice(@)kovac-metal.com &nbsp; 2. Predmet poslovanja Kova\u010d-Metal d.o.o. bavi se obradom metala, izradom [&hellip;]","og_url":"https:\/\/new.kovac-metal.com\/de\/opci-uvjeti-poslovanja\/","og_site_name":"Kova\u010d Metal","article_publisher":"https:\/\/www.facebook.com\/KovacMetal","article_modified_time":"2025-10-02T08:35:58+00:00","twitter_card":"summary_large_image","schema":{"@context":"https:\/\/schema.org","@graph":[{"@type":"WebPage","@id":"https:\/\/new.kovac-metal.com\/opci-uvjeti-poslovanja\/","url":"https:\/\/new.kovac-metal.com\/opci-uvjeti-poslovanja\/","name":"op\u0107i uvjeti poslovanja - Kova\u010d Metal","isPartOf":{"@id":"https:\/\/new.kovac-metal.com\/#website"},"datePublished":"2025-10-01T18:38:46+00:00","dateModified":"2025-10-02T08:35:58+00:00","breadcrumb":{"@id":"https:\/\/new.kovac-metal.com\/opci-uvjeti-poslovanja\/#breadcrumb"},"inLanguage":"de","potentialAction":[{"@type":"ReadAction","target":["https:\/\/new.kovac-metal.com\/opci-uvjeti-poslovanja\/"]}]},{"@type":"BreadcrumbList","@id":"https:\/\/new.kovac-metal.com\/opci-uvjeti-poslovanja\/#breadcrumb","itemListElement":[{"@type":"ListItem","position":1,"name":"Home","item":"https:\/\/new.kovac-metal.com\/"},{"@type":"ListItem","position":2,"name":"op\u0107i uvjeti poslovanja"}]},{"@type":"WebSite","@id":"https:\/\/new.kovac-metal.com\/#website","url":"https:\/\/new.kovac-metal.com\/","name":"Kova\u010d Metal","description":"Mi izra\u0111ujemo stvari","publisher":{"@id":"https:\/\/new.kovac-metal.com\/#organization"},"alternateName":"Strojna obrada i metalne konstrukcije","potentialAction":[{"@type":"SearchAction","target":{"@type":"EntryPoint","urlTemplate":"https:\/\/new.kovac-metal.com\/?s={search_term_string}"},"query-input":{"@type":"PropertyValueSpecification","valueRequired":true,"valueName":"search_term_string"}}],"inLanguage":"de"},{"@type":"Organization","@id":"https:\/\/new.kovac-metal.com\/#organization","name":"Kova\u010d Metal","url":"https:\/\/new.kovac-metal.com\/","logo":{"@type":"ImageObject","inLanguage":"de","@id":"https:\/\/new.kovac-metal.com\/#\/schema\/logo\/image\/","url":"https:\/\/new.kovac-metal.com\/wp-content\/uploads\/2024\/10\/cropped-KM-LOGO_w.png","contentUrl":"https:\/\/new.kovac-metal.com\/wp-content\/uploads\/2024\/10\/cropped-KM-LOGO_w.png","width":512,"height":512,"caption":"Kova\u010d Metal"},"image":{"@id":"https:\/\/new.kovac-metal.com\/#\/schema\/logo\/image\/"},"sameAs":["https:\/\/www.facebook.com\/KovacMetal"]}]}},"_links":{"self":[{"href":"https:\/\/new.kovac-metal.com\/de\/wp-json\/wp\/v2\/pages\/467","targetHints":{"allow":["GET"]}}],"collection":[{"href":"https:\/\/new.kovac-metal.com\/de\/wp-json\/wp\/v2\/pages"}],"about":[{"href":"https:\/\/new.kovac-metal.com\/de\/wp-json\/wp\/v2\/types\/page"}],"author":[{"embeddable":true,"href":"https:\/\/new.kovac-metal.com\/de\/wp-json\/wp\/v2\/users\/1"}],"replies":[{"embeddable":true,"href":"https:\/\/new.kovac-metal.com\/de\/wp-json\/wp\/v2\/comments?post=467"}],"version-history":[{"count":6,"href":"https:\/\/new.kovac-metal.com\/de\/wp-json\/wp\/v2\/pages\/467\/revisions"}],"predecessor-version":[{"id":492,"href":"https:\/\/new.kovac-metal.com\/de\/wp-json\/wp\/v2\/pages\/467\/revisions\/492"}],"wp:attachment":[{"href":"https:\/\/new.kovac-metal.com\/de\/wp-json\/wp\/v2\/media?parent=467"}],"curies":[{"name":"wp","href":"https:\/\/api.w.org\/{rel}","templated":true}]}}