{"id":461,"date":"2025-10-01T20:35:50","date_gmt":"2025-10-01T18:35:50","guid":{"rendered":"https:\/\/new.kovac-metal.com\/?page_id=461"},"modified":"2025-10-01T20:55:34","modified_gmt":"2025-10-01T18:55:34","slug":"impresum","status":"publish","type":"page","link":"https:\/\/new.kovac-metal.com\/de\/impresum\/","title":{"rendered":"Impresum"},"content":{"rendered":"<p>[et_pb_section fb_built=&#8221;1&#8243; admin_label=&#8221;Hero Section&#8221; _builder_version=&#8221;4.16&#8243; custom_padding=&#8221;0|0px|0px|0px&#8221; global_colors_info=&#8221;{}&#8221;][et_pb_row column_structure=&#8221;1_2,1_2&#8243; use_custom_gutter=&#8221;on&#8221; make_equal=&#8221;on&#8221; _builder_version=&#8221;4.27.4&#8243; width=&#8221;100%&#8221; max_width=&#8221;100%&#8221; custom_margin=&#8221;|auto|91px|auto||&#8221; custom_padding=&#8221;0px|0|0px|&#8221; use_custom_width=&#8221;on&#8221; width_unit=&#8221;off&#8221; custom_width_percent=&#8221;100%&#8221; global_colors_info=&#8221;{}&#8221;][et_pb_column type=&#8221;1_2&#8243; _builder_version=&#8221;4.16&#8243; custom_padding=&#8221;200px|4%|200px|8%&#8221; custom_padding_tablet=&#8221;60px|10%|60px|10%&#8221; custom_padding_phone=&#8221;&#8221; custom_padding_last_edited=&#8221;on|tablet&#8221; global_colors_info=&#8221;{}&#8221; padding_tablet=&#8221;60px|10%|60px|10%&#8221; padding_last_edited=&#8221;on|tablet&#8221; custom_padding__hover=&#8221;|||&#8221; padding_phone=&#8221;60px|10%|60px|10%&#8221;][et_pb_text _builder_version=&#8221;4.27.4&#8243; text_font=&#8221;Karla||||||||&#8221; text_font_size=&#8221;18px&#8221; text_line_height=&#8221;1.8em&#8221; header_font=&#8221;Cormorant Garamond||||||||&#8221; header_font_size=&#8221;56px&#8221; header_line_height=&#8221;1.4em&#8221; header_2_font=&#8221;||||||||&#8221; header_3_font=&#8221;||||||||&#8221; max_width=&#8221;600px&#8221; header_font_size_tablet=&#8221;40px&#8221; header_font_size_phone=&#8221;&#8221; header_font_size_last_edited=&#8221;on|tablet&#8221; locked=&#8221;off&#8221; global_colors_info=&#8221;{}&#8221;]<\/p>\n<h2>IMPRESUM<\/h2>\n<p>&nbsp;<\/p>\n<p>Telefon<br \/>+385 (0)98 17 666 02<\/p>\n<p>E-mail<br \/>office(@)kovac-metal.com<\/p>\n<p>Adresse:<\/p>\n<p>Kova\u010d \u2013 Metal d.o.o.<br \/>Dr. Vinka \u017dganca 49<br \/>HR \u2013 40000 \u010cakovec<br \/>HRVATSKA<\/p>\n<p>OIB: 52129153800<br \/>MBS: 070014921<\/p>\n<p>Das Unternehmen ist beim Handelsgericht in Vara\u017edin registriert.<br \/>Stammkapital: 2.522,00 EUR, vollst\u00e4ndig eingezahlt<br \/>Gesch\u00e4ftsf\u00fchrung: Mijo Kova\u010d, Gesch\u00e4ftsf\u00fchrer<br \/>IBAN : HR0623400091116014803<br \/>PRIVREDNA BANKA ZAGREB d.d.<br \/>SWIFT: PBZGHR2X<\/p>\n<p>[\/et_pb_text][\/et_pb_column][et_pb_column type=&#8221;1_2&#8243; _builder_version=&#8221;4.27.4&#8243; background_color=&#8221;#121212&#8243; use_background_color_gradient=&#8221;on&#8221; background_color_gradient_stops=&#8221;rgba(18,18,18,0.5) 0%|#121212 100%&#8221; background_color_gradient_overlays_image=&#8221;on&#8221; background_color_gradient_start=&#8221;rgba(18,18,18,0.5)&#8221; background_color_gradient_end=&#8221;#121212&#8243; background_image=&#8221;https:\/\/new.kovac-metal.com\/wp-content\/uploads\/2025\/10\/laptop-5428881_1920.jpg&#8221; custom_padding=&#8221;100px||100px|&#8221; custom_padding_tablet=&#8221;60px||60px|&#8221; custom_padding_phone=&#8221;&#8221; custom_padding_last_edited=&#8221;on|desktop&#8221; global_colors_info=&#8221;{}&#8221; padding_tablet=&#8221;60px||60px|&#8221; padding_last_edited=&#8221;on|desktop&#8221; custom_padding__hover=&#8221;|||&#8221; padding_phone=&#8221;60px||60px|&#8221;][et_pb_divider show_divider=&#8221;off&#8221; _builder_version=&#8221;4.16&#8243; height=&#8221;100px&#8221; global_colors_info=&#8221;{}&#8221;][\/et_pb_divider][\/et_pb_column][\/et_pb_row][\/et_pb_section][et_pb_section fb_built=&#8221;1&#8243; admin_label=&#8221;Contact&#8221; _builder_version=&#8221;4.27.4&#8243; background_color=&#8221;#1b1b1b&#8221; use_background_color_gradient=&#8221;on&#8221; background_color_gradient_stops=&#8221;#121212 0%|rgba(18,18,18,0.8) 100%&#8221; background_color_gradient_overlays_image=&#8221;on&#8221; background_color_gradient_start=&#8221;#121212&#8243; background_color_gradient_end=&#8221;rgba(18,18,18,0.8)&#8221; background_image=&#8221;https:\/\/new.kovac-metal.com\/wp-content\/uploads\/2025\/10\/laptop-5428881_1920.jpg&#8221; custom_margin=&#8221;116px|||||&#8221; custom_padding=&#8221;100px|0px|240px|0px&#8221; global_colors_info=&#8221;{}&#8221;][\/et_pb_section][et_pb_section fb_built=&#8221;1&#8243; _builder_version=&#8221;4.27.4&#8243; _module_preset=&#8221;default&#8221; min_height=&#8221;353.2px&#8221; custom_padding=&#8221;0px||0px|||&#8221; background_color=&#8221;#1a1a1a&#8221; hover_enabled=&#8221;0&#8243; sticky_enabled=&#8221;0&#8243; locked=&#8221;off&#8221;][et_pb_row _builder_version=&#8221;4.27.4&#8243; _module_preset=&#8221;default&#8221; column_structure=&#8221;1_3,1_3,1_3&#8243; theme_builder_area=&#8221;post_content&#8221; custom_padding=&#8221;||0px|||&#8221;][et_pb_column _builder_version=&#8221;4.27.4&#8243; _module_preset=&#8221;default&#8221; type=&#8221;1_3&#8243; theme_builder_area=&#8221;post_content&#8221;][et_pb_text _builder_version=&#8221;4.27.4&#8243; _module_preset=&#8221;default&#8221; theme_builder_area=&#8221;post_content&#8221; hover_enabled=&#8221;0&#8243; sticky_enabled=&#8221;0&#8243; custom_margin=&#8221;|-146px||||&#8221;]<\/p>\n<p><span><\/span><\/p>\n<p><span><\/span><\/p>\n<p><a href=\"https:\/\/new.kovac-metal.com\/de\/impresum\/\"><span>Impressum<\/span><\/a><\/p>\n<p><a href=\"https:\/\/new.kovac-metal.com\/de\/opci-uvjeti-poslovanja\/\"><span>Allgemeine Gesch\u00e4ftsbedingungen<\/span><\/a><\/p>\n<p><a href=\"https:\/\/new.kovac-metal.com\/de\/pravila-koristenja\/\"><span>Nutzungsbedingungen<\/span><\/a><\/p>\n<p><a href=\"https:\/\/new.kovac-metal.com\/de\/privatnost\/\"><span>Datenschutz\u00a0<\/span><\/a><\/p>\n<p>[\/et_pb_text][\/et_pb_column][et_pb_column _builder_version=&#8221;4.27.4&#8243; _module_preset=&#8221;default&#8221; type=&#8221;1_3&#8243; theme_builder_area=&#8221;post_content&#8221;][et_pb_text _builder_version=&#8221;4.27.4&#8243; _module_preset=&#8221;default&#8221; theme_builder_area=&#8221;post_content&#8221; hover_enabled=&#8221;0&#8243; sticky_enabled=&#8221;0&#8243; custom_margin=&#8221;|-146px||||&#8221; locked=&#8221;off&#8221; title_text=&#8221;KM-LOGO_g&#8221; background_image=&#8221;https:\/\/new.kovac-metal.com\/wp-content\/uploads\/2025\/10\/KM-LOGO_g.png&#8221; background_size=&#8221;custom&#8221; background_image_width=&#8221;38%&#8221; background_image_height=&#8221;0%&#8221;]<\/p>\n<p>&nbsp;<\/p>\n<p>&nbsp;<\/p>\n<p>&nbsp;<\/p>\n<p>&nbsp;<\/p>\n<p>&nbsp;<\/p>\n<p>&nbsp;<\/p>\n<p>[\/et_pb_text][\/et_pb_column][et_pb_column _builder_version=&#8221;4.27.4&#8243; _module_preset=&#8221;default&#8221; type=&#8221;1_3&#8243; theme_builder_area=&#8221;post_content&#8221;][et_pb_text _builder_version=&#8221;4.27.4&#8243; _module_preset=&#8221;default&#8221; theme_builder_area=&#8221;post_content&#8221; hover_enabled=&#8221;0&#8243; sticky_enabled=&#8221;0&#8243; custom_margin=&#8221;|-146px||||&#8221; locked=&#8221;off&#8221;]<\/p>\n<p style=\"text-align: right;\"><strong><\/strong><\/p>\n<p style=\"text-align: right;\"><strong><\/strong><\/p>\n<p style=\"text-align: right;\"><strong>Telefon<br \/><\/strong>+385 (0)98 17 666 02<\/p>\n<p style=\"text-align: right;\"><strong>E-mail<br \/><\/strong>office(@)kovac-metal.com<\/p>\n<p style=\"text-align: right;\"><strong>Adresse:<\/strong><\/p>\n<p style=\"text-align: right;\"><strong>Kova\u010d \u2013 Metal d.o.o.<\/strong><br \/>Dr. Vinka \u017dganca 49<br \/>40000 \u010cakovec<br \/>HRVATSKA<\/p>\n<p>[\/et_pb_text][\/et_pb_column][\/et_pb_row][\/et_pb_section]<\/p>","protected":false},"excerpt":{"rendered":"<p>IMPRESUM &nbsp; Telefon+385 (0)98 17 666 02 E-mailoffice(@)kovac-metal.com Adresa: Kova\u010d \u2013 Metal d.o.o.Dr. Vinka \u017dganca 49HR \u2013 40000 \u010cakovecHRVATSKA OIB: 52129153800MBS: 070014921 Dru\u0161tvo je registrirano pri trgova\u010dkom sudu u Vara\u017edinuTemeljni kapital: 2.522,00 EUR upla\u0107en u cijelostiUprava: Mijo Kova\u010d, direktorIBAN : HR0623400091116014803PRIVREDNA BANKA ZAGREB d.d.SWIFT: PBZGHR2X impresum op\u0107i uvjeti poslovanja pravila kori\u0161tenja privatnost\u00a0&nbsp; &nbsp; &nbsp; &nbsp; [&hellip;]<\/p>","protected":false},"author":1,"featured_media":0,"parent":0,"menu_order":0,"comment_status":"closed","ping_status":"closed","template":"","meta":{"_et_pb_use_builder":"on","_et_pb_old_content":"","_et_gb_content_width":"","footnotes":""},"class_list":["post-461","page","type-page","status-publish","hentry"],"yoast_head":"<!-- This site is optimized with the Yoast SEO plugin v26.4 - https:\/\/yoast.com\/wordpress\/plugins\/seo\/ -->\n<title>Impresum - Kova\u010d Metal<\/title>\n<meta name=\"robots\" content=\"index, follow, max-snippet:-1, max-image-preview:large, max-video-preview:-1\" \/>\n<link rel=\"canonical\" href=\"https:\/\/new.kovac-metal.com\/de\/impresum\/\" \/>\n<meta property=\"og:locale\" content=\"de_DE\" \/>\n<meta property=\"og:type\" content=\"article\" \/>\n<meta property=\"og:title\" content=\"Impresum - Kova\u010d Metal\" \/>\n<meta property=\"og:description\" content=\"IMPRESUM &nbsp; Telefon+385 (0)98 17 666 02 E-mailoffice(@)kovac-metal.com Adresa: Kova\u010d \u2013 Metal d.o.o.Dr. Vinka \u017dganca 49HR \u2013 40000 \u010cakovecHRVATSKA OIB: 52129153800MBS: 070014921 Dru\u0161tvo je registrirano pri trgova\u010dkom sudu u Vara\u017edinuTemeljni kapital: 2.522,00 EUR upla\u0107en u cijelostiUprava: Mijo Kova\u010d, direktorIBAN : HR0623400091116014803PRIVREDNA BANKA ZAGREB d.d.SWIFT: PBZGHR2X impresum op\u0107i uvjeti poslovanja pravila kori\u0161tenja privatnost\u00a0&nbsp; &nbsp; &nbsp; &nbsp; [&hellip;]\" \/>\n<meta property=\"og:url\" content=\"https:\/\/new.kovac-metal.com\/de\/impresum\/\" \/>\n<meta property=\"og:site_name\" content=\"Kova\u010d Metal\" \/>\n<meta property=\"article:publisher\" content=\"https:\/\/www.facebook.com\/KovacMetal\" \/>\n<meta property=\"article:modified_time\" content=\"2025-10-01T18:55:34+00:00\" \/>\n<meta name=\"twitter:card\" content=\"summary_large_image\" \/>\n<meta name=\"twitter:label1\" content=\"Gesch\u00e4tzte Lesezeit\" \/>\n\t<meta name=\"twitter:data1\" content=\"1\u00a0Minute\" \/>\n<script type=\"application\/ld+json\" class=\"yoast-schema-graph\">{\"@context\":\"https:\/\/schema.org\",\"@graph\":[{\"@type\":\"WebPage\",\"@id\":\"https:\/\/new.kovac-metal.com\/impresum\/\",\"url\":\"https:\/\/new.kovac-metal.com\/impresum\/\",\"name\":\"Impresum - Kova\u010d Metal\",\"isPartOf\":{\"@id\":\"https:\/\/new.kovac-metal.com\/#website\"},\"datePublished\":\"2025-10-01T18:35:50+00:00\",\"dateModified\":\"2025-10-01T18:55:34+00:00\",\"breadcrumb\":{\"@id\":\"https:\/\/new.kovac-metal.com\/impresum\/#breadcrumb\"},\"inLanguage\":\"de\",\"potentialAction\":[{\"@type\":\"ReadAction\",\"target\":[\"https:\/\/new.kovac-metal.com\/impresum\/\"]}]},{\"@type\":\"BreadcrumbList\",\"@id\":\"https:\/\/new.kovac-metal.com\/impresum\/#breadcrumb\",\"itemListElement\":[{\"@type\":\"ListItem\",\"position\":1,\"name\":\"Home\",\"item\":\"https:\/\/new.kovac-metal.com\/\"},{\"@type\":\"ListItem\",\"position\":2,\"name\":\"Impresum\"}]},{\"@type\":\"WebSite\",\"@id\":\"https:\/\/new.kovac-metal.com\/#website\",\"url\":\"https:\/\/new.kovac-metal.com\/\",\"name\":\"Kova\u010d Metal\",\"description\":\"Mi izra\u0111ujemo stvari\",\"publisher\":{\"@id\":\"https:\/\/new.kovac-metal.com\/#organization\"},\"alternateName\":\"Strojna obrada i metalne konstrukcije\",\"potentialAction\":[{\"@type\":\"SearchAction\",\"target\":{\"@type\":\"EntryPoint\",\"urlTemplate\":\"https:\/\/new.kovac-metal.com\/?s={search_term_string}\"},\"query-input\":{\"@type\":\"PropertyValueSpecification\",\"valueRequired\":true,\"valueName\":\"search_term_string\"}}],\"inLanguage\":\"de\"},{\"@type\":\"Organization\",\"@id\":\"https:\/\/new.kovac-metal.com\/#organization\",\"name\":\"Kova\u010d Metal\",\"url\":\"https:\/\/new.kovac-metal.com\/\",\"logo\":{\"@type\":\"ImageObject\",\"inLanguage\":\"de\",\"@id\":\"https:\/\/new.kovac-metal.com\/#\/schema\/logo\/image\/\",\"url\":\"https:\/\/new.kovac-metal.com\/wp-content\/uploads\/2024\/10\/cropped-KM-LOGO_w.png\",\"contentUrl\":\"https:\/\/new.kovac-metal.com\/wp-content\/uploads\/2024\/10\/cropped-KM-LOGO_w.png\",\"width\":512,\"height\":512,\"caption\":\"Kova\u010d Metal\"},\"image\":{\"@id\":\"https:\/\/new.kovac-metal.com\/#\/schema\/logo\/image\/\"},\"sameAs\":[\"https:\/\/www.facebook.com\/KovacMetal\"]}]}<\/script>\n<!-- \/ Yoast SEO plugin. -->","yoast_head_json":{"title":"Impresum - Kova\u010d Metal","robots":{"index":"index","follow":"follow","max-snippet":"max-snippet:-1","max-image-preview":"max-image-preview:large","max-video-preview":"max-video-preview:-1"},"canonical":"https:\/\/new.kovac-metal.com\/de\/impresum\/","og_locale":"de_DE","og_type":"article","og_title":"Impresum - Kova\u010d Metal","og_description":"IMPRESUM &nbsp; Telefon+385 (0)98 17 666 02 E-mailoffice(@)kovac-metal.com Adresa: Kova\u010d \u2013 Metal d.o.o.Dr. Vinka \u017dganca 49HR \u2013 40000 \u010cakovecHRVATSKA OIB: 52129153800MBS: 070014921 Dru\u0161tvo je registrirano pri trgova\u010dkom sudu u Vara\u017edinuTemeljni kapital: 2.522,00 EUR upla\u0107en u cijelostiUprava: Mijo Kova\u010d, direktorIBAN : HR0623400091116014803PRIVREDNA BANKA ZAGREB d.d.SWIFT: PBZGHR2X impresum op\u0107i uvjeti poslovanja pravila kori\u0161tenja privatnost\u00a0&nbsp; &nbsp; &nbsp; &nbsp; [&hellip;]","og_url":"https:\/\/new.kovac-metal.com\/de\/impresum\/","og_site_name":"Kova\u010d Metal","article_publisher":"https:\/\/www.facebook.com\/KovacMetal","article_modified_time":"2025-10-01T18:55:34+00:00","twitter_card":"summary_large_image","twitter_misc":{"Gesch\u00e4tzte Lesezeit":"1\u00a0Minute"},"schema":{"@context":"https:\/\/schema.org","@graph":[{"@type":"WebPage","@id":"https:\/\/new.kovac-metal.com\/impresum\/","url":"https:\/\/new.kovac-metal.com\/impresum\/","name":"Impresum - Kova\u010d Metal","isPartOf":{"@id":"https:\/\/new.kovac-metal.com\/#website"},"datePublished":"2025-10-01T18:35:50+00:00","dateModified":"2025-10-01T18:55:34+00:00","breadcrumb":{"@id":"https:\/\/new.kovac-metal.com\/impresum\/#breadcrumb"},"inLanguage":"de","potentialAction":[{"@type":"ReadAction","target":["https:\/\/new.kovac-metal.com\/impresum\/"]}]},{"@type":"BreadcrumbList","@id":"https:\/\/new.kovac-metal.com\/impresum\/#breadcrumb","itemListElement":[{"@type":"ListItem","position":1,"name":"Home","item":"https:\/\/new.kovac-metal.com\/"},{"@type":"ListItem","position":2,"name":"Impresum"}]},{"@type":"WebSite","@id":"https:\/\/new.kovac-metal.com\/#website","url":"https:\/\/new.kovac-metal.com\/","name":"Kova\u010d Metal","description":"Mi izra\u0111ujemo stvari","publisher":{"@id":"https:\/\/new.kovac-metal.com\/#organization"},"alternateName":"Strojna obrada i metalne konstrukcije","potentialAction":[{"@type":"SearchAction","target":{"@type":"EntryPoint","urlTemplate":"https:\/\/new.kovac-metal.com\/?s={search_term_string}"},"query-input":{"@type":"PropertyValueSpecification","valueRequired":true,"valueName":"search_term_string"}}],"inLanguage":"de"},{"@type":"Organization","@id":"https:\/\/new.kovac-metal.com\/#organization","name":"Kova\u010d Metal","url":"https:\/\/new.kovac-metal.com\/","logo":{"@type":"ImageObject","inLanguage":"de","@id":"https:\/\/new.kovac-metal.com\/#\/schema\/logo\/image\/","url":"https:\/\/new.kovac-metal.com\/wp-content\/uploads\/2024\/10\/cropped-KM-LOGO_w.png","contentUrl":"https:\/\/new.kovac-metal.com\/wp-content\/uploads\/2024\/10\/cropped-KM-LOGO_w.png","width":512,"height":512,"caption":"Kova\u010d Metal"},"image":{"@id":"https:\/\/new.kovac-metal.com\/#\/schema\/logo\/image\/"},"sameAs":["https:\/\/www.facebook.com\/KovacMetal"]}]}},"_links":{"self":[{"href":"https:\/\/new.kovac-metal.com\/de\/wp-json\/wp\/v2\/pages\/461","targetHints":{"allow":["GET"]}}],"collection":[{"href":"https:\/\/new.kovac-metal.com\/de\/wp-json\/wp\/v2\/pages"}],"about":[{"href":"https:\/\/new.kovac-metal.com\/de\/wp-json\/wp\/v2\/types\/page"}],"author":[{"embeddable":true,"href":"https:\/\/new.kovac-metal.com\/de\/wp-json\/wp\/v2\/users\/1"}],"replies":[{"embeddable":true,"href":"https:\/\/new.kovac-metal.com\/de\/wp-json\/wp\/v2\/comments?post=461"}],"version-history":[{"count":5,"href":"https:\/\/new.kovac-metal.com\/de\/wp-json\/wp\/v2\/pages\/461\/revisions"}],"predecessor-version":[{"id":477,"href":"https:\/\/new.kovac-metal.com\/de\/wp-json\/wp\/v2\/pages\/461\/revisions\/477"}],"wp:attachment":[{"href":"https:\/\/new.kovac-metal.com\/de\/wp-json\/wp\/v2\/media?parent=461"}],"curies":[{"name":"wp","href":"https:\/\/api.w.org\/{rel}","templated":true}]}}